{"id":251,"date":"2019-03-12T15:15:10","date_gmt":"2019-03-12T14:15:10","guid":{"rendered":"https:\/\/www.unicon20.fr\/?page_id=251"},"modified":"2022-05-17T10:13:38","modified_gmt":"2022-05-17T08:13:38","slug":"team-sports","status":"publish","type":"page","link":"https:\/\/unicon20.fr\/fr\/competitions\/disciplines\/team-sports\/","title":{"rendered":"Sports collectifs"},"content":{"rendered":"<figure class=\"wp-block-image\"><img loading=\"lazy\" decoding=\"async\" width=\"1024\" height=\"683\" src=\"https:\/\/unicon20.fr\/wp-content\/uploads\/2019\/05\/IMG_1173-1024x683.jpg\" alt=\"\" class=\"wp-image-1349\" srcset=\"\" sizes=\"auto, (max-width: 1024px) 100vw, 1024px\" data-srcset=\"\" \/><\/figure>\n\n\n\n<div class=\"wp-block-media-text has-media-on-the-right is-stacked-on-mobile\"><figure class=\"wp-block-media-text__media\"><img loading=\"lazy\" decoding=\"async\" width=\"700\" height=\"948\" src=\"https:\/\/unicon20.fr\/wp-content\/uploads\/2019\/05\/DSC_0317.jpg\" alt=\"\" class=\"wp-image-1383 size-full\" srcset=\"https:\/\/unicon20.fr\/wp-content\/uploads\/2019\/05\/DSC_0317.jpg 700w, https:\/\/unicon20.fr\/wp-content\/uploads\/2019\/05\/DSC_0317-222x300.jpg 222w\" sizes=\"auto, (max-width: 700px) 100vw, 700px\" \/><\/figure><div class=\"wp-block-media-text__content\">\n<p>Deux sports collectifs se jouent \u00e0 monocycle :<\/p>\n\n\n\n<ul class=\"wp-block-list\"><li><a href=\"https:\/\/unicon20.fr\/basketball\/\">Le mono-basket<\/a><\/li><li><a href=\"https:\/\/unicon20.fr\/hockey\/\">Le mono-hockey<\/a><\/li><\/ul>\n<\/div><\/div>\n\n\n\n<p>On y joue en \u00e9quipes de cinq, en appliquant les r\u00e8gles du sport de base, adapt\u00e9es au monocycle.<\/p>\n\n\n\n<p style=\"font-size:25px\"><strong>Mandatory protections<\/strong><\/p>\n\n\n\n<ul class=\"wp-block-list\"><li>Closed shoes<\/li><li>No jewels<\/li><\/ul>\n\n\n\n<p><\/p>","protected":false},"excerpt":{"rendered":"<p>Team sports gathers two different competitions: Unicycle basketball Unicycle hockey Both of them are played in a 5-5 players game using the original sport rules adapted to unicycling. Mandatory protections Closed shoes No jewels<\/p>","protected":false},"author":1,"featured_media":0,"parent":38,"menu_order":0,"comment_status":"closed","ping_status":"closed","template":"","meta":{"footnotes":""},"class_list":["post-251","page","type-page","status-publish","hentry"],"featured_image_urls_v2":{"full":"","thumbnail":"","medium":"","medium_large":"","large":"","1536x1536":"","2048x2048":"","trp-custom-language-flag":"","hestia-blog":""},"post_excerpt_stackable_v2":"<p>Team sports gathers two different competitions: Unicycle basketballUnicycle hockey Both of them are played in a 5-5 players game using the original sport rules adapted to unicycling. Mandatory protections Closed shoesNo jewels<\/p>\n","category_list_v2":"","author_info_v2":{"name":"Maxence","url":"https:\/\/unicon20.fr\/fr\/author\/abrikot\/"},"comments_num_v2":"0 commentaire","_links":{"self":[{"href":"https:\/\/unicon20.fr\/fr\/wp-json\/wp\/v2\/pages\/251","targetHints":{"allow":["GET"]}}],"collection":[{"href":"https:\/\/unicon20.fr\/fr\/wp-json\/wp\/v2\/pages"}],"about":[{"href":"https:\/\/unicon20.fr\/fr\/wp-json\/wp\/v2\/types\/page"}],"author":[{"embeddable":true,"href":"https:\/\/unicon20.fr\/fr\/wp-json\/wp\/v2\/users\/1"}],"replies":[{"embeddable":true,"href":"https:\/\/unicon20.fr\/fr\/wp-json\/wp\/v2\/comments?post=251"}],"version-history":[{"count":5,"href":"https:\/\/unicon20.fr\/fr\/wp-json\/wp\/v2\/pages\/251\/revisions"}],"predecessor-version":[{"id":2877,"href":"https:\/\/unicon20.fr\/fr\/wp-json\/wp\/v2\/pages\/251\/revisions\/2877"}],"up":[{"embeddable":true,"href":"https:\/\/unicon20.fr\/fr\/wp-json\/wp\/v2\/pages\/38"}],"wp:attachment":[{"href":"https:\/\/unicon20.fr\/fr\/wp-json\/wp\/v2\/media?parent=251"}],"curies":[{"name":"wp","href":"https:\/\/api.w.org\/{rel}","templated":true}]}}