{"id":2518,"date":"2021-10-06T15:18:44","date_gmt":"2021-10-06T13:18:44","guid":{"rendered":"https:\/\/www.unicon20.fr\/?page_id=2518"},"modified":"2021-11-07T11:05:30","modified_gmt":"2021-11-07T10:05:30","slug":"majordome-prive","status":"publish","type":"page","link":"https:\/\/unicon20.fr\/fr\/practical-informations\/lodging\/majordome-prive\/","title":{"rendered":"Majordome Priv\u00e9"},"content":{"rendered":"<figure class=\"wp-block-image size-large\"><img loading=\"lazy\" decoding=\"async\" width=\"1024\" height=\"356\" src=\"https:\/\/unicon20.fr\/wp-content\/uploads\/2021\/11\/MPsite-1024x356.jpg\" alt=\"\" class=\"wp-image-2558\" srcset=\"https:\/\/unicon20.fr\/wp-content\/uploads\/2021\/11\/MPsite-1024x356.jpg 1024w, https:\/\/unicon20.fr\/wp-content\/uploads\/2021\/11\/MPsite-300x104.jpg 300w, https:\/\/unicon20.fr\/wp-content\/uploads\/2021\/11\/MPsite-768x267.jpg 768w, https:\/\/unicon20.fr\/wp-content\/uploads\/2021\/11\/MPsite-1536x534.jpg 1536w, https:\/\/unicon20.fr\/wp-content\/uploads\/2021\/11\/MPsite.jpg 1845w\" sizes=\"auto, (max-width: 1024px) 100vw, 1024px\" \/><\/figure>\n\n\n\n<p>Majordome Priv\u00e9 vous accueille pour l\u2019Unicon 20 !<br>Afin de profiter au mieux de l\u2019\u00e9v\u00e9nement, sans vous soucier de rien, r\u00e9servez chez\nMajordome Priv\u00e9. Notre service sur-mesure de conciergerie d\u2019appartements, vous offre une grande diversit\u00e9 de logements sur Grenoble et son agglom\u00e9ration durant votre \u00e9v\u00e9nement !<\/p>\n\n\n\n<p>Saisissez la chance de s\u00e9journer dans un de nos studios, T2, T3, ou encore T4 soign\u00e9s et tout \u00e9quip\u00e9s pouvant accueillir de 1 \u00e0 8 personnes.<\/p>\n\n\n\n<p>En plus de ce confort, un service-client sera \u00e0 votre \u00e9coute 7j\/7, de 9h \u00e0 20h pour vous proposer son aide et des solutions adapt\u00e9es !<\/p>\n\n\n\n<p>Soucieux et concern\u00e9s par les dynamiques de solidarit\u00e9 et soci\u00e9tale actuelles, Majordome Priv\u00e9 travaille en \u00e9troite collaboration avec les E.S.A.T grenobloises <a href=\"https:\/\/www.youtube.com\/watch?v=r_YfzUsmEF4&amp;feature=youtu.be\">Solenciel <\/a>et St Agn\u00e8s.<br>Solenciel est une organisation aidant \u00e0 l\u2019insertion de personnes victimes de r\u00e9seaux de traite des \u00eatres humains. Les m\u00e9nages op\u00e9r\u00e9s par l\u2019association sont \u201cverts\u201d, gr\u00e2ce \u00e0 des d\u00e9placements en v\u00e9lo et \u00e0 l\u2019utilisation de produits biologiques.<br>St Agn\u00e8s est une association offrant du travail \u00e0 des personnes en situation de handicap. Ils fournissent votre linge de lit et vos serviettes.<br>Ainsi, en r\u00e9servant chez nous, vous participerez activement \u00e0 leur d\u00e9veloppement et \u00e0 la p\u00e9rennit\u00e9 de leur activit\u00e9.<\/p>\n\n\n\n<p>Venez profiter de nos logements durant votre \u00e9v\u00e9nement avec le tarif \u00e9labor\u00e9 sp\u00e9cialement\npour vous. R\u00e9servez avec le code \u201cUNICON20\u201d*, et obtenez 15% de r\u00e9duction imm\u00e9diate\nsur votre s\u00e9jour.<\/p>\n\n\n\n<p>\u00c0 occasion exceptionnelle, tarif exceptionnel !<\/p>\n\n\n\n<p>*<em>ce code est \u00e0 nous communiquer par e-mail ou par t\u00e9l\u00e9phone pour qu\u2019il soit appliqu\u00e9*<\/em><\/p>","protected":false},"excerpt":{"rendered":"<p>Majordome Priv\u00e9 welcomes you for the Unicon 20!To make the most of the event, without worrying about anything, book with Majordome Priv\u00e9. Our tailor-made flat concierge service offers you a wide range of accommodation in Grenoble and the surrounding area during the event! Take the chance to stay in one [&hellip;]<\/p>","protected":false},"author":1,"featured_media":0,"parent":1770,"menu_order":0,"comment_status":"closed","ping_status":"closed","template":"page-templates\/template-fullwidth.php","meta":{"footnotes":""},"class_list":["post-2518","page","type-page","status-publish","hentry"],"featured_image_urls_v2":{"full":"","thumbnail":"","medium":"","medium_large":"","large":"","1536x1536":"","2048x2048":"","trp-custom-language-flag":"","hestia-blog":""},"post_excerpt_stackable_v2":"<p>Majordome Priv\u00e9 welcomes you for the Unicon 20!To make the most of the event, without worrying about anything, book with Majordome Priv\u00e9. Our tailor-made flat concierge service offers you a wide range of accommodation in Grenoble and the surrounding area during the event! Take the chance to stay in one of our well cared for and fully equipped studios, one bedroom, three bedroom or four bedroom apartments that can accommodate from 1 to 8 people. In addition to this comfort, customer service is available 7 days a week, from 9am to 8pm, to offer you help and adapted solutions! Majordome\u2026<\/p>\n","category_list_v2":"","author_info_v2":{"name":"Maxence","url":"https:\/\/unicon20.fr\/fr\/author\/abrikot\/"},"comments_num_v2":"0 commentaire","_links":{"self":[{"href":"https:\/\/unicon20.fr\/fr\/wp-json\/wp\/v2\/pages\/2518","targetHints":{"allow":["GET"]}}],"collection":[{"href":"https:\/\/unicon20.fr\/fr\/wp-json\/wp\/v2\/pages"}],"about":[{"href":"https:\/\/unicon20.fr\/fr\/wp-json\/wp\/v2\/types\/page"}],"author":[{"embeddable":true,"href":"https:\/\/unicon20.fr\/fr\/wp-json\/wp\/v2\/users\/1"}],"replies":[{"embeddable":true,"href":"https:\/\/unicon20.fr\/fr\/wp-json\/wp\/v2\/comments?post=2518"}],"version-history":[{"count":5,"href":"https:\/\/unicon20.fr\/fr\/wp-json\/wp\/v2\/pages\/2518\/revisions"}],"predecessor-version":[{"id":2559,"href":"https:\/\/unicon20.fr\/fr\/wp-json\/wp\/v2\/pages\/2518\/revisions\/2559"}],"up":[{"embeddable":true,"href":"https:\/\/unicon20.fr\/fr\/wp-json\/wp\/v2\/pages\/1770"}],"wp:attachment":[{"href":"https:\/\/unicon20.fr\/fr\/wp-json\/wp\/v2\/media?parent=2518"}],"curies":[{"name":"wp","href":"https:\/\/api.w.org\/{rel}","templated":true}]}}