{"id":2520,"date":"2021-11-07T10:56:28","date_gmt":"2021-11-07T09:56:28","guid":{"rendered":"https:\/\/www.unicon20.fr\/?page_id=2520"},"modified":"2021-11-07T10:59:00","modified_gmt":"2021-11-07T09:59:00","slug":"le-hub-grenoble","status":"publish","type":"page","link":"https:\/\/unicon20.fr\/fr\/practical-informations\/lodging\/le-hub-grenoble\/","title":{"rendered":"Le H\u00fcb Grenoble"},"content":{"rendered":"<p>Situ\u00e9 \u00e0 Europole, quartier en plein c\u0153ur de Grenoble, le H\u00fcb est un nouvel h\u00e9bergement multi espaces \u00e0 partager. Le H\u00fcb propose des lits en dortoir, des studios (1 ou 2 personnes), des appartements 2 pi\u00e8ces (jusque 4 personnes) ou 3 pi\u00e8ces (jusque 6 personnes) dans un cadre agr\u00e9able. De quoi passer un excellent s\u00e9jour monocycliste !<\/p>\n\n\n\n<p><strong>Adresse<\/strong><br>25 Avenue Doyen Louis Weil, 38000 Grenoble<\/p>\n\n\n\n<p><strong>Pour rejoindre le village UNICON<\/strong><br>En monocycle : 15 min<br>En transport en commun : 25 min<br>A pied : 35 min<\/p>\n\n\n\n<p>Tarifs applicables sur la p\u00e9riode du 24 juillet au 7 ao\u00fbt 2022.<\/p>\n\n\n\n<p>Les r\u00e9servations doivent \u00eatre faites par mail \u00e0 <a href=\"mailto:grenoble@lehub-privilodges.com\">grenoble@lehub-privilodges.com<\/a> ou par t\u00e9l\u00e9phone au +33 (0)4 86 80 19 86 avec le code \"Unicon2022\".<\/p>\n\n\n\n<p>La taxe de s\u00e9jour est de 1,25\u20ac par nuit et par personne. Le petit-d\u00e9jeuner co\u00fbte 8\u20ac.<\/p>\n\n\n\n<table id=\"tablepress-220\" class=\"tablepress tablepress-id-220\">\n<thead>\n<tr class=\"row-1\">\n\t<th class=\"column-1\">Type de chambre<\/th><th class=\"column-2\">Prix par nuit et par personne<\/th>\n<\/tr>\n<\/thead>\n<tbody class=\"row-striping row-hover\">\n<tr class=\"row-2\">\n\t<td class=\"column-1\">Dortoir<\/td><td class=\"column-2\">20\u20ac<\/td>\n<\/tr>\n<tr class=\"row-3\">\n\t<td class=\"column-1\">Double\/Jumeaux<\/td><td class=\"column-2\">28\u20ac<\/td>\n<\/tr>\n<tr class=\"row-4\">\n\t<td class=\"column-1\">Triple<\/td><td class=\"column-2\">25\u20ac<\/td>\n<\/tr>\n<tr class=\"row-5\">\n\t<td class=\"column-1\">Quadruple<\/td><td class=\"column-2\">20\u20ac<\/td>\n<\/tr>\n<\/tbody>\n<\/table>\n<!-- #tablepress-220 from cache -->\n\n\n\n<div id=\"wp-block-themeisle-blocks-slider-3324e41a\" class=\"wp-block-themeisle-blocks-slider glide\" data-per-view=\"1\" data-gap=\"0\" data-peek=\"0\" data-autoplay=\"true\" data-height=\"400px\" data-hide-arrows=\"false\"><div class=\"glide__track\" data-glide-el=\"track\"><div class=\"glide__slides\"><div class=\"wp-block-themeisle-blocks-slider-item-wrapper glide__slide\" tabindex=\"0\"><figure><img decoding=\"async\" class=\"wp-block-themeisle-blocks-slider-item\" src=\"https:\/\/unicon20.fr\/wp-content\/uploads\/2021\/11\/hub-scaled.jpg\" alt=\"\" title=\"\" data-id=\"2539\"\/><\/figure><\/div><div class=\"wp-block-themeisle-blocks-slider-item-wrapper glide__slide\" tabindex=\"0\"><figure><img decoding=\"async\" class=\"wp-block-themeisle-blocks-slider-item\" src=\"https:\/\/unicon20.fr\/wp-content\/uploads\/2021\/11\/jardin-2.jpg\" alt=\"\" title=\"\" data-id=\"2544\"\/><\/figure><\/div><div class=\"wp-block-themeisle-blocks-slider-item-wrapper glide__slide\" tabindex=\"0\"><figure><img decoding=\"async\" class=\"wp-block-themeisle-blocks-slider-item\" src=\"https:\/\/unicon20.fr\/wp-content\/uploads\/2021\/11\/resto2.jpg\" alt=\"\" title=\"\" data-id=\"2542\"\/><\/figure><\/div><div class=\"wp-block-themeisle-blocks-slider-item-wrapper glide__slide\" tabindex=\"0\"><figure><img decoding=\"async\" class=\"wp-block-themeisle-blocks-slider-item\" src=\"https:\/\/unicon20.fr\/wp-content\/uploads\/2021\/11\/dortoir.jpg\" alt=\"\" title=\"\" data-id=\"2543\"\/><\/figure><\/div><div class=\"wp-block-themeisle-blocks-slider-item-wrapper glide__slide\" tabindex=\"0\"><figure><img decoding=\"async\" class=\"wp-block-themeisle-blocks-slider-item\" src=\"https:\/\/unicon20.fr\/wp-content\/uploads\/2021\/11\/appart.jpg\" alt=\"\" title=\"\" data-id=\"2546\"\/><\/figure><\/div><div class=\"wp-block-themeisle-blocks-slider-item-wrapper glide__slide\" tabindex=\"0\"><figure><img decoding=\"async\" class=\"wp-block-themeisle-blocks-slider-item\" src=\"https:\/\/unicon20.fr\/wp-content\/uploads\/2021\/11\/studio.jpg\" alt=\"\" title=\"\" data-id=\"2538\"\/><\/figure><\/div><div class=\"wp-block-themeisle-blocks-slider-item-wrapper glide__slide\" tabindex=\"0\"><figure><img decoding=\"async\" class=\"wp-block-themeisle-blocks-slider-item\" src=\"https:\/\/unicon20.fr\/wp-content\/uploads\/2021\/11\/salon.jpg\" alt=\"\" title=\"\" data-id=\"2540\"\/><\/figure><\/div><div class=\"wp-block-themeisle-blocks-slider-item-wrapper glide__slide\" tabindex=\"0\"><figure><img decoding=\"async\" class=\"wp-block-themeisle-blocks-slider-item\" src=\"https:\/\/unicon20.fr\/wp-content\/uploads\/2021\/11\/salle-de-bain.jpg\" alt=\"\" title=\"\" data-id=\"2541\"\/><\/figure><\/div><\/div><div class=\"glide__bullets\" data-glide-el=\"controls[nav]\"><button class=\"glide__bullet\" data-glide-dir=\"=0\"><\/button><button class=\"glide__bullet\" data-glide-dir=\"=1\"><\/button><button class=\"glide__bullet\" data-glide-dir=\"=2\"><\/button><button class=\"glide__bullet\" data-glide-dir=\"=3\"><\/button><button class=\"glide__bullet\" data-glide-dir=\"=4\"><\/button><button class=\"glide__bullet\" data-glide-dir=\"=5\"><\/button><button class=\"glide__bullet\" data-glide-dir=\"=6\"><\/button><button class=\"glide__bullet\" data-glide-dir=\"=7\"><\/button><\/div><\/div><\/div>\n\n\n\n<div class=\"wp-block-buttons is-content-justification-center is-layout-flex wp-block-buttons-is-layout-flex\">\n<div class=\"wp-block-button\"><a class=\"wp-block-button__link\" href=\"https:\/\/www.lehub-privilodges.com\/\" target=\"_blank\" rel=\"noreferrer noopener\">R\u00e9server une chambre<\/a><\/div>\n<\/div>","protected":false},"excerpt":{"rendered":"<p>Located at Europole in the heart of Grenoble, Le H\u00fcb is a new accommodation to share. Le H\u00fcb offers dormitories, studios &#8211; 1 or 2 people -, 2-room apartments &#8211; at most 4 people &#8211; or 3-room apartments &#8211; at most 6 people in nice surroundings. The best way to [&hellip;]<\/p>","protected":false},"author":1,"featured_media":0,"parent":1770,"menu_order":0,"comment_status":"closed","ping_status":"closed","template":"page-templates\/template-fullwidth.php","meta":{"footnotes":""},"class_list":["post-2520","page","type-page","status-publish","hentry"],"featured_image_urls_v2":{"full":"","thumbnail":"","medium":"","medium_large":"","large":"","1536x1536":"","2048x2048":"","trp-custom-language-flag":"","hestia-blog":""},"post_excerpt_stackable_v2":"<p>Located at Europole in the heart of Grenoble, Le H\u00fcb is a new accommodation to share. Le H\u00fcb offers dormitories, studios &#8211; 1 or 2 people -, 2-room apartments &#8211; at most 4 people &#8211; or 3-room apartments &#8211; at most 6 people in nice surroundings. The best way to spend a perfect unicyclist journey. Location25 Avenue Doyen Louis Weil, 38000 Grenoble To get to the Unicon VillageRide: 15 minutesBus: 25 minutesWalk: 35 minutes For a stay from the 24rd of July to the 7th of August 2022. Booking should be done via mail at grenoble@lehub-privilodges.com or via phone at\u2026<\/p>\n","category_list_v2":"","author_info_v2":{"name":"Maxence","url":"https:\/\/unicon20.fr\/fr\/author\/abrikot\/"},"comments_num_v2":"0 commentaire","_links":{"self":[{"href":"https:\/\/unicon20.fr\/fr\/wp-json\/wp\/v2\/pages\/2520","targetHints":{"allow":["GET"]}}],"collection":[{"href":"https:\/\/unicon20.fr\/fr\/wp-json\/wp\/v2\/pages"}],"about":[{"href":"https:\/\/unicon20.fr\/fr\/wp-json\/wp\/v2\/types\/page"}],"author":[{"embeddable":true,"href":"https:\/\/unicon20.fr\/fr\/wp-json\/wp\/v2\/users\/1"}],"replies":[{"embeddable":true,"href":"https:\/\/unicon20.fr\/fr\/wp-json\/wp\/v2\/comments?post=2520"}],"version-history":[{"count":10,"href":"https:\/\/unicon20.fr\/fr\/wp-json\/wp\/v2\/pages\/2520\/revisions"}],"predecessor-version":[{"id":2553,"href":"https:\/\/unicon20.fr\/fr\/wp-json\/wp\/v2\/pages\/2520\/revisions\/2553"}],"up":[{"embeddable":true,"href":"https:\/\/unicon20.fr\/fr\/wp-json\/wp\/v2\/pages\/1770"}],"wp:attachment":[{"href":"https:\/\/unicon20.fr\/fr\/wp-json\/wp\/v2\/media?parent=2520"}],"curies":[{"name":"wp","href":"https:\/\/api.w.org\/{rel}","templated":true}]}}