{"id":27,"date":"2019-02-24T14:22:20","date_gmt":"2019-02-24T13:22:20","guid":{"rendered":"https:\/\/www.unicon20.fr\/?page_id=27"},"modified":"2019-11-17T14:57:45","modified_gmt":"2019-11-17T13:57:45","slug":"traveling-to-grenoble","status":"publish","type":"page","link":"https:\/\/unicon20.fr\/fr\/practical-informations\/traveling-to-grenoble\/","title":{"rendered":"Venir \u00e0 Grenoble"},"content":{"rendered":"<h2 class=\"wp-block-heading\">En avion<\/h2>\n\n\n\n<p>Grenoble poss\u00e8de un <a href=\"http:\/\/www.grenoble-airport.com\/en\">petit a\u00e9roport<\/a>. Il est cependant assez petit et vous ne trouverez probablement pas de vols qui s'y rendent. Les grands a\u00e9roports internationaux les plus proches sont <a href=\"https:\/\/www.lyonaeroports.com\/en\/\">l'a\u00e9roport Saint-Exup\u00e9ry (Lyon)<\/a> et <a href=\"https:\/\/www.gva.ch\/en\/\">l'a\u00e9roport de Gen\u00e8ve<\/a>. Vous pouvez ensuite prendre un train ou louer une voiture pour rejoindre Grenoble. Saint-Exup\u00e9ry est \u00e0 environ 1h de route, Gen\u00e8ve \u00e0 2h.<br>Il y a aussi des lignes de car ralliant les a\u00e9roports de <a href=\"https:\/\/www.alps-airport-transfer.co.uk\/en\/shuttles\/\">Grenoble<\/a>, <a href=\"https:\/\/www.lyonaeroports.com\/en\/access-transports\/shuttle-buses\/grenoble\">Lyon<\/a> et <a href=\"https:\/\/www.gva.ch\/en\/Site\/Passagers\/Acces-Transports\/Transports-publics-aeroport\">Gen\u00e8ve<\/a> airports to Grenoble city centre. If you are traveling from these airports, also check with your hotel. Some of them have shuttles included when you book. <br><br> La mani\u00e8re la plus facile et la plus \u00e9conomique de venir est peut-\u00eatre d'atterrir \u00e0 l'un des a\u00e9roport de Paris. il y en a deux : Roissy Charles de Gaulle et Orly. Depuis l'a\u00e9roport de Roissy CDG :<br>il y a quelques trains directs pour Lyon, o\u00f9 vous aurez une correspondance pour Grenoble (voir le paragraphe suivant)<br>Sinon, les trains pour Grenoble depuis Paris partent de la Gare de Lyon, l'une des gares de Paris. Pour s'y rendre, il y a deux possibilit\u00e9s :<br>a) <a href=\"https:\/\/www.lebusdirect.com\/en\/\">Le bus direct<\/a> (un peu cher , mais peut-\u00eatre plus facile).<br>b) <a href=\"https:\/\/www.ratp.fr\/en\/\">Les transports en commun :<\/a>: le RER B (Paris par le train) depuis l'a\u00e9roport jusqu'\u00e0 la station \"Ch\u00e2telet-Les Halles\". L\u00e0, prendre le m\u00e9tro, ligne 14, jusqu'\u00e0 \"Olympiades\". Sortir \u00e0 \"Gare de Lyon\". Depuis Orly :<br>* Le Bus Direct (un peu plus cher, mais sans doute plus facile),<br>* Les transports en commun : prendre la navette Orlyval pour \"Anthony\". Puis prendre le RER B (Paris by train) pour \"Ch\u00e2telet-les-Halles\". Changer et prendre la ligne de m\u00e9tro 14 en direction de \"Olympiades\". Descendre \u00e0 \"Gare de Lyon\". <\/p>\n\n\n\n<h2 class=\"wp-block-heading\">En train<\/h2>\n\n\n\n<p>La gare de Grenoble est desservie par des trains venant de partout en France, et de Gen\u00e8ve. Jetez un \u0153il au <a href=\"https:\/\/en.oui.sncf\/en\/\">site de la SNCF<\/a>. Vous apprendrez si vous pouvez (ou non) prendre un train pour venir \u00e0 Grenoble.<\/p>\n\n\n\n<h2 class=\"wp-block-heading\">En voiture<\/h2>\n\n\n\n<p>Certaines autoroutes sont utiles pour rejoindre Grenoble. L'A48 vient de Lyon, et l'A41 de Gen\u00e8ve.\nEn France, \"A\" veut dire autoroute (g\u00e9n\u00e9ralement payante), \"N\" route nationale (g\u00e9n\u00e9ralement gratuite) et \"D\" route d\u00e9partementale. Attention : ces derni\u00e8res peuvent comporter beaucoup de virages. Choisissez donc de pr\u00e9f\u00e9rence des autoroutes ou des routes nationales,<\/p>\n\n\n\n<h2 class=\"wp-block-heading\">Voyager en France avec des monocycles<\/h2>\n\n\n\n<p> Il faut que vous connaissiez les conditions d'acc\u00e8s aux trains fran\u00e7ais avec un monocycle. Les trains sont quelquefois tr\u00e8s pleins; et transporter un monocycle - 32 ou 36 pouces - peut \u00eatre compliqu\u00e9. Avant de r\u00e9server un trajet en train, vous devez vous assurer que les v\u00e9los sont accept\u00e9s - ce qui est le cas dans la plupart des trains r\u00e9gionaux (appel\u00e9s TER) et dans quelques trains \u00e0 grande vitesse (appel\u00e9s TGV). Dans certains TGV, pour transporter des monocycles vous devrez r\u00e9server pour eux un emplacement sp\u00e9cial. Pour les monocycles plus petits, comme les 24\", vous pourrez les mettre dans une valise, apr\u00e8s avoir d\u00e9mont\u00e9 les p\u00e9dales et la selle. <\/p>","protected":false},"excerpt":{"rendered":"<p>By plane Grenoble has a European airport. Nevertheless, it is pretty small and you probably won&#8217;t have a flight to get there. The biggest and closest international airports are Saint-Exup\u00e9ry (Lyon) airport and Geneva airport. You could then take a train or rent a car to come to Grenoble. Saint-Exup\u00e9ry [&hellip;]<\/p>","protected":false},"author":1,"featured_media":0,"parent":15,"menu_order":0,"comment_status":"closed","ping_status":"closed","template":"","meta":{"footnotes":""},"class_list":["post-27","page","type-page","status-publish","hentry"],"featured_image_urls_v2":{"full":"","thumbnail":"","medium":"","medium_large":"","large":"","1536x1536":"","2048x2048":"","trp-custom-language-flag":"","hestia-blog":""},"post_excerpt_stackable_v2":"<p>By plane Grenoble has a European airport. Nevertheless, it is pretty small and you probably won&#8217;t have a flight to get there. The biggest and closest international airports are Saint-Exup\u00e9ry (Lyon) airport and Geneva airport. You could then take a train or rent a car to come to Grenoble. Saint-Exup\u00e9ry airport is 1 hour away while Geneva airport is 2 hours away.There are also coach services from Grenoble, Lyon and Geneva airports to Grenoble city centre. If you are traveling from these airports, also check with your hotel. Some of them have shuttles included when you book. The easiest and\u2026<\/p>\n","category_list_v2":"","author_info_v2":{"name":"Maxence","url":"https:\/\/unicon20.fr\/fr\/author\/abrikot\/"},"comments_num_v2":"0 commentaire","_links":{"self":[{"href":"https:\/\/unicon20.fr\/fr\/wp-json\/wp\/v2\/pages\/27","targetHints":{"allow":["GET"]}}],"collection":[{"href":"https:\/\/unicon20.fr\/fr\/wp-json\/wp\/v2\/pages"}],"about":[{"href":"https:\/\/unicon20.fr\/fr\/wp-json\/wp\/v2\/types\/page"}],"author":[{"embeddable":true,"href":"https:\/\/unicon20.fr\/fr\/wp-json\/wp\/v2\/users\/1"}],"replies":[{"embeddable":true,"href":"https:\/\/unicon20.fr\/fr\/wp-json\/wp\/v2\/comments?post=27"}],"version-history":[{"count":10,"href":"https:\/\/unicon20.fr\/fr\/wp-json\/wp\/v2\/pages\/27\/revisions"}],"predecessor-version":[{"id":1919,"href":"https:\/\/unicon20.fr\/fr\/wp-json\/wp\/v2\/pages\/27\/revisions\/1919"}],"up":[{"embeddable":true,"href":"https:\/\/unicon20.fr\/fr\/wp-json\/wp\/v2\/pages\/15"}],"wp:attachment":[{"href":"https:\/\/unicon20.fr\/fr\/wp-json\/wp\/v2\/media?parent=27"}],"curies":[{"name":"wp","href":"https:\/\/api.w.org\/{rel}","templated":true}]}}