{"id":2922,"date":"2022-05-21T00:38:12","date_gmt":"2022-05-20T22:38:12","guid":{"rendered":"https:\/\/www.unicon20.fr\/?page_id=2922"},"modified":"2022-06-09T19:33:44","modified_gmt":"2022-06-09T17:33:44","slug":"camper-van-parking-spots","status":"publish","type":"page","link":"https:\/\/unicon20.fr\/fr\/camper-van-parking-spots\/","title":{"rendered":"Camper van parking spots"},"content":{"rendered":"<p>Quelques places de camping-car (environ 25) seront disponibles sur le parking de la Halle Cl\u00e9menceau, en plein c\u0153ur de l'Unicon. Vous pouvez arriver \u00e0 tout moment \u00e0 partir du 25 juillet, et repartir \u00e0 tout moment avant le 8 ao\u00fbt (exclu). Le co\u00fbt global est de <strong>125 euros<\/strong> par camping-car. Toilettes disponibles en permanence \u00e0 proximit\u00e9, douches \u00e0 la Halle Cl\u00e9menceau, uniquement pendant ses heures d'ouverture.<\/p>\n\n\n\n<p>Eau \u00e0 proximit\u00e9. \u00c9lectricit\u00e9 possible.<\/p>\n\n\n\n<p>R\u00e9servez le avec votre inscription <a href=\"http:\/\/unicon2020.reg.unicycling-software.com\/\" data-type=\"URL\" data-id=\"unicon2020.reg.unicycling-software.com\/\">sur le site d'inscription<\/a>.<\/p>","protected":false},"excerpt":{"rendered":"<p>A few camper van parking spots (about 25) will be available on Halle Cl\u00e9menceau&#8217;s parking, right at the heart of Unicon. You can arrive anytime starting the 25th of July, and leave anytime before the 8th of august (excluded). The overall cost is 125 euros per van. Toilets available all [&hellip;]<\/p>","protected":false},"author":2,"featured_media":0,"parent":0,"menu_order":0,"comment_status":"closed","ping_status":"closed","template":"","meta":{"footnotes":""},"class_list":["post-2922","page","type-page","status-publish","hentry"],"featured_image_urls_v2":{"full":"","thumbnail":"","medium":"","medium_large":"","large":"","1536x1536":"","2048x2048":"","trp-custom-language-flag":"","hestia-blog":""},"post_excerpt_stackable_v2":"<p>A few camper van parking spots (about 25) will be available on Halle Cl\u00e9menceau&#8217;s parking, right at the heart of Unicon. You can arrive anytime starting the 25th of July, and leave anytime before the 8th of august (excluded). The overall cost is 125 euros per van. Toilets available all the time close by, showers in Halle Cl\u00e9menceau, only during its opening hours. Water close by. Electricity possible. Book it with your registration on the registration website.<\/p>\n","category_list_v2":"","author_info_v2":{"name":"Fran\u00e7ois","url":"https:\/\/unicon20.fr\/fr\/author\/gingo\/"},"comments_num_v2":"0 commentaire","_links":{"self":[{"href":"https:\/\/unicon20.fr\/fr\/wp-json\/wp\/v2\/pages\/2922","targetHints":{"allow":["GET"]}}],"collection":[{"href":"https:\/\/unicon20.fr\/fr\/wp-json\/wp\/v2\/pages"}],"about":[{"href":"https:\/\/unicon20.fr\/fr\/wp-json\/wp\/v2\/types\/page"}],"author":[{"embeddable":true,"href":"https:\/\/unicon20.fr\/fr\/wp-json\/wp\/v2\/users\/2"}],"replies":[{"embeddable":true,"href":"https:\/\/unicon20.fr\/fr\/wp-json\/wp\/v2\/comments?post=2922"}],"version-history":[{"count":5,"href":"https:\/\/unicon20.fr\/fr\/wp-json\/wp\/v2\/pages\/2922\/revisions"}],"predecessor-version":[{"id":2959,"href":"https:\/\/unicon20.fr\/fr\/wp-json\/wp\/v2\/pages\/2922\/revisions\/2959"}],"wp:attachment":[{"href":"https:\/\/unicon20.fr\/fr\/wp-json\/wp\/v2\/media?parent=2922"}],"curies":[{"name":"wp","href":"https:\/\/api.w.org\/{rel}","templated":true}]}}