{"id":3029,"date":"2022-06-28T11:38:19","date_gmt":"2022-06-28T09:38:19","guid":{"rendered":"https:\/\/www.unicon20.fr\/?page_id=3029"},"modified":"2022-06-28T14:23:04","modified_gmt":"2022-06-28T12:23:04","slug":"labels","status":"publish","type":"page","link":"https:\/\/unicon20.fr\/fr\/partners\/labels\/","title":{"rendered":"Labels"},"content":{"rendered":"<p> <\/p>\n\n\n\n<div class=\"wp-block-group alignwide\"><div class=\"wp-block-group__inner-container is-layout-flow wp-block-group-is-layout-flow\"><div class=\"wp-block-image\">\n<figure class=\"aligncenter size-full is-resized\"><img loading=\"lazy\" decoding=\"async\" src=\"https:\/\/unicon20.fr\/wp-content\/uploads\/2022\/06\/logo_label_argent.png\" alt=\"\" class=\"wp-image-3011\" width=\"241\" height=\"88\"\/><figcaption class=\" translation-block\">Octroy\u00e9 par le jury du CNOSF, ce label atteste et valorise la d\u00e9marche des organisateurs de manifestations sportives qui s\u2019engagent \u00e0 d\u00e9velopper et mettre en \u0153uvre des \u00e9v\u00e9nements respectant des crit\u00e8res environnementaux, sociaux, \u00e9conomiques, \u00e9thiques et de gouvernance pour des \u00e9v\u00e9nements \u00e9coresponsables solidaires et vertueux.<\/figcaption><\/figure>\n<\/div>\n\n<div class=\"wp-block-image\">\n<figure class=\"aligncenter size-large\"><a href=\"https:\/\/greengrenoble2022.eu\/\"><img loading=\"lazy\" decoding=\"async\" width=\"848\" height=\"1024\" src=\"https:\/\/unicon20.fr\/wp-content\/uploads\/2022\/06\/GCVE-labellisation_Evenement-Couleur-FR-848x1024.jpg\" alt=\"\" class=\"wp-image-3010\" srcset=\"https:\/\/unicon20.fr\/wp-content\/uploads\/2022\/06\/GCVE-labellisation_Evenement-Couleur-FR-848x1024.jpg 848w, https:\/\/unicon20.fr\/wp-content\/uploads\/2022\/06\/GCVE-labellisation_Evenement-Couleur-FR-248x300.jpg 248w, https:\/\/unicon20.fr\/wp-content\/uploads\/2022\/06\/GCVE-labellisation_Evenement-Couleur-FR-768x928.jpg 768w, https:\/\/unicon20.fr\/wp-content\/uploads\/2022\/06\/GCVE-labellisation_Evenement-Couleur-FR-1271x1536.jpg 1271w, https:\/\/unicon20.fr\/wp-content\/uploads\/2022\/06\/GCVE-labellisation_Evenement-Couleur-FR-1695x2048.jpg 1695w\" sizes=\"auto, (max-width: 848px) 100vw, 848px\" \/><\/a><figcaption class=\" translation-block\">\u00catre un \u00e9v\u00e9nement Grenoble Capitale Verte, c\u2019est participer au rayonnement et \u00e0 l\u2019engagement de Grenoble dans la transition \u00e9cologique, honorant son titre cette ann\u00e9e 2022.<\/figcaption><\/figure>\n<\/div>\n\n<div class=\"wp-block-image\">\n<figure class=\"aligncenter size-large\"><a href=\"https:\/\/terredejeux.paris2024.org\/\"><img loading=\"lazy\" decoding=\"async\" width=\"950\" height=\"1024\" src=\"https:\/\/unicon20.fr\/wp-content\/uploads\/2022\/06\/TER24_logo_SevresTahiti_RVB-950x1024.png\" alt=\"\" class=\"wp-image-3012\" srcset=\"https:\/\/unicon20.fr\/wp-content\/uploads\/2022\/06\/TER24_logo_SevresTahiti_RVB-950x1024.png 950w, https:\/\/unicon20.fr\/wp-content\/uploads\/2022\/06\/TER24_logo_SevresTahiti_RVB-278x300.png 278w, https:\/\/unicon20.fr\/wp-content\/uploads\/2022\/06\/TER24_logo_SevresTahiti_RVB-768x828.png 768w, https:\/\/unicon20.fr\/wp-content\/uploads\/2022\/06\/TER24_logo_SevresTahiti_RVB-1425x1536.png 1425w, https:\/\/unicon20.fr\/wp-content\/uploads\/2022\/06\/TER24_logo_SevresTahiti_RVB-1900x2048.png 1900w\" sizes=\"auto, (max-width: 950px) 100vw, 950px\" \/><\/a><figcaption class=\" translation-block\">\u00catre Terre de Jeux 2024, c\u2019est s\u2019engager \u00e0 contribuer \u00e0 faire vivre \u00e0 tous les \u00e9motions des Jeux, changer le quotidien des gens gr\u00e2ce au sport et permettre au plus grand nombre de vivre l\u2019aventure olympique et paralympique d\u00e8s maintenant.<\/figcaption><\/figure>\n<\/div><\/div><\/div>","protected":false},"excerpt":{"rendered":"","protected":false},"author":1,"featured_media":0,"parent":60,"menu_order":0,"comment_status":"closed","ping_status":"closed","template":"","meta":{"footnotes":""},"class_list":["post-3029","page","type-page","status-publish","hentry"],"featured_image_urls_v2":{"full":"","thumbnail":"","medium":"","medium_large":"","large":"","1536x1536":"","2048x2048":"","trp-custom-language-flag":"","hestia-blog":""},"post_excerpt_stackable_v2":"<p>Awarded by the CNOSF jury, this label certifies and promotes the approach of sports event organizers who are committed to developing and implementing events that respect environmental, social, economic, ethical and governance criteria for eco-responsible, supportive and virtuous events. Being a Grenoble Green Capital event means participating in the influence and commitment of Grenoble in the ecological transition, honoring its title this year 2022. Being the Land of the Games 2024 means making a commitment to help everyone experience the emotions of the Games, to change people&#8217;s daily lives through sport and to allow as many people as possible to\u2026<\/p>\n","category_list_v2":"","author_info_v2":{"name":"Maxence","url":"https:\/\/unicon20.fr\/fr\/author\/abrikot\/"},"comments_num_v2":"0 commentaire","_links":{"self":[{"href":"https:\/\/unicon20.fr\/fr\/wp-json\/wp\/v2\/pages\/3029","targetHints":{"allow":["GET"]}}],"collection":[{"href":"https:\/\/unicon20.fr\/fr\/wp-json\/wp\/v2\/pages"}],"about":[{"href":"https:\/\/unicon20.fr\/fr\/wp-json\/wp\/v2\/types\/page"}],"author":[{"embeddable":true,"href":"https:\/\/unicon20.fr\/fr\/wp-json\/wp\/v2\/users\/1"}],"replies":[{"embeddable":true,"href":"https:\/\/unicon20.fr\/fr\/wp-json\/wp\/v2\/comments?post=3029"}],"version-history":[{"count":4,"href":"https:\/\/unicon20.fr\/fr\/wp-json\/wp\/v2\/pages\/3029\/revisions"}],"predecessor-version":[{"id":3045,"href":"https:\/\/unicon20.fr\/fr\/wp-json\/wp\/v2\/pages\/3029\/revisions\/3045"}],"up":[{"embeddable":true,"href":"https:\/\/unicon20.fr\/fr\/wp-json\/wp\/v2\/pages\/60"}],"wp:attachment":[{"href":"https:\/\/unicon20.fr\/fr\/wp-json\/wp\/v2\/media?parent=3029"}],"curies":[{"name":"wp","href":"https:\/\/api.w.org\/{rel}","templated":true}]}}