{"id":3182,"date":"2022-07-13T23:00:52","date_gmt":"2022-07-13T21:00:52","guid":{"rendered":"https:\/\/www.unicon20.fr\/?page_id=3182"},"modified":"2022-07-13T23:00:53","modified_gmt":"2022-07-13T21:00:53","slug":"covid-19","status":"publish","type":"page","link":"https:\/\/unicon20.fr\/fr\/covid-19\/","title":{"rendered":"Covid-19"},"content":{"rendered":"<div class=\"wp-block-themeisle-blocks-advanced-columns has-1-columns has-desktop-equal-layout has-tablet-equal-layout has-mobile-equal-layout has-default-gap has-vertical-unset\" id=\"wp-block-themeisle-blocks-advanced-columns-e5ed07cd\"><div class=\"wp-block-themeisle-blocks-advanced-columns-overlay\"><\/div><div class=\"innerblocks-wrap\">\n<div class=\"wp-block-themeisle-blocks-advanced-column\" id=\"wp-block-themeisle-blocks-advanced-column-ec7fc171\">\n<p>La France st touch\u00e9e actuellement (juillet 2022) par un pic des contaminations au covid. Nous recommandons de porter un masque dans les transports publics.<\/p>\n\n\n\n<p>Si vous pr\u00e9sentez des sympt\u00f4mes, il est vivement recommand\u00e9 de faire un auto-test. Vous pourrez vous en procurer en pharmacie. En cas de test positif, il faut le faire confirmer par un test antig\u00e9nique ou PCR. Pour obtenir un rendez-vous pour ce type de test, utilisez.. <a href=\"https:\/\/play.google.com\/store\/apps\/details?id=fr.doctolib.www&amp;hl=fr&amp;gl=US\" data-type=\"URL\" data-id=\"https:\/\/play.google.com\/store\/apps\/details?id=fr.doctolib.www&amp;hl=fr&amp;gl=US\">l'appli \"doctolib\"<\/a>.<\/p>\n\n\n\n<p>Au cas o\u00f9 le test positif est confirm\u00e9 par un test PCR ou antig\u00e9nique, veuillez vous conformer aux recommandations du Minist\u00e8re fran\u00e7ais de la Sant\u00e9 :<\/p>\n\n\n\n<p>&#8220;<em>Si vous \u00eates positif et que vous avez un sch\u00e9ma vaccinal complet et \u00e0 jour (cela vaut \u00e9galement pour les enfants de moins de 12 ans), vous devez vous isoler pendant 7 jours (pleins) \u00e0 partir de la date d'apparition des sympt\u00f4mes ou de la date du test positif. N\u00e9anmoins, au bout de cinq jours, vous pouvez renoncer \u00e0 vous isoler, et ceci \u00e0 deux conditions :<br>-faire un test antig\u00e9nique et que celui-ci se r\u00e9v\u00e8le n\u00e9gatif.\n_Pas de signe clinique d'infection depuis au moins 48 heures.<br>Vous ne pr\u00e9sentez plus de signe clinique d'infection depuis 48 heures.<br><br>Si vous \u00eates positif et que vous avez un sch\u00e9ma de vaccination incomplet (ou que vous n'\u00eates pas du tout vaccin\u00e9), l'isolement est de 10 jours \u00e0 compter de la date d'apparition des sympt\u00f4mes ou de la date du test positif. N\u00e9anmoins au bout de sept jours, vous pourrez \u00eatre lib\u00e9r\u00e9 de l'isolement \u00e0 deux conditions :<br>- Vous fa\u00eetes un test antig\u00e9nique ou PCR et celui-ci se r\u00e9v\u00e8le n\u00e9gatif.\n-<br>Vous ne pr\u00e9sentez plus de signe clinique d'infection depuis 48 heures.<\/em>&#8220;<\/p>\n\n\n\n<p>La situation \u00e9pid\u00e9mique \u00e9volue rapidement et les r\u00e8gles concernant l'acc\u00e8s au territoire fran\u00e7ais de m\u00eame. Le meilleur moyen de conna\u00eetre les r\u00e8gles est de vous rendre sur le site du Minist\u00e8re de l'Int\u00e9rieur.<\/p>\n\n\n\n<p>Vous y trouverez des conditions sp\u00e9cifiques en fonction de votre pays de r\u00e9sidence, de votre situation en mati\u00e8re de vaccination, etc.<br>https:\/\/www.interieur.gouv.fr\/Actualites\/L-actu-du-Ministere\/Certificate-of-international-travel <a rel=\"noreferrer noopener\" target=\"_blank\" href=\"https:\/\/www.interieur.gouv.fr\/Actualites\/L-actu-du-Ministere\/Certificate-of-international-travel\">https:\/\/www.interieur.gouv.fr\/Actualites\/L-actu-du-Ministere\/Certificate-of-international-travel<\/a><\/p>\n\n\n\n<p>Vous pourrez y suivre l'\u00e9volution de la situation.  Il vous informera mieux que nous ne pourrions le faire.\nAujourd'hui, les tests PCR Covid 19 en France vous co\u00fbteront 43,89\u20ac.<br>Aujourd'hui, les tests antig\u00e9niques Covid 19 en France vous co\u00fbteront 22\u20ac.<br><br><\/p>\n<\/div>\n<\/div><\/div>","protected":false},"excerpt":{"rendered":"","protected":false},"author":2,"featured_media":0,"parent":0,"menu_order":0,"comment_status":"closed","ping_status":"closed","template":"","meta":{"footnotes":""},"class_list":["post-3182","page","type-page","status-publish","hentry"],"featured_image_urls_v2":{"full":"","thumbnail":"","medium":"","medium_large":"","large":"","1536x1536":"","2048x2048":"","trp-custom-language-flag":"","hestia-blog":""},"post_excerpt_stackable_v2":"<p>France is seing a peak of Covid right now (july 2022), be careful. We recommend to wear a protective mask when using public transportation. If you show symptoms, it is strongly recommended to perform an auto-test. They are available in drugstores. In case of a positive test, it should be confirmed with a PCR or antigenic test. To find an appointment for that, you can use the Doctolib app. If the positive test is confirmed by PCR or antigenic, please follow the recommendation of the french health ministry: &#8220;If you are positive and have a complete and up-to-date vaccination schedule\u2026<\/p>\n","category_list_v2":"","author_info_v2":{"name":"Fran\u00e7ois","url":"https:\/\/unicon20.fr\/fr\/author\/gingo\/"},"comments_num_v2":"0 commentaire","_links":{"self":[{"href":"https:\/\/unicon20.fr\/fr\/wp-json\/wp\/v2\/pages\/3182","targetHints":{"allow":["GET"]}}],"collection":[{"href":"https:\/\/unicon20.fr\/fr\/wp-json\/wp\/v2\/pages"}],"about":[{"href":"https:\/\/unicon20.fr\/fr\/wp-json\/wp\/v2\/types\/page"}],"author":[{"embeddable":true,"href":"https:\/\/unicon20.fr\/fr\/wp-json\/wp\/v2\/users\/2"}],"replies":[{"embeddable":true,"href":"https:\/\/unicon20.fr\/fr\/wp-json\/wp\/v2\/comments?post=3182"}],"version-history":[{"count":1,"href":"https:\/\/unicon20.fr\/fr\/wp-json\/wp\/v2\/pages\/3182\/revisions"}],"predecessor-version":[{"id":3185,"href":"https:\/\/unicon20.fr\/fr\/wp-json\/wp\/v2\/pages\/3182\/revisions\/3185"}],"wp:attachment":[{"href":"https:\/\/unicon20.fr\/fr\/wp-json\/wp\/v2\/media?parent=3182"}],"curies":[{"name":"wp","href":"https:\/\/api.w.org\/{rel}","templated":true}]}}