{"id":3187,"date":"2022-07-13T23:16:37","date_gmt":"2022-07-13T21:16:37","guid":{"rendered":"https:\/\/www.unicon20.fr\/?page_id=3187"},"modified":"2022-07-13T23:16:37","modified_gmt":"2022-07-13T21:16:37","slug":"security","status":"publish","type":"page","link":"https:\/\/unicon20.fr\/fr\/security\/","title":{"rendered":"S\u00e9curit\u00e9"},"content":{"rendered":"<div class=\"wp-block-themeisle-blocks-advanced-columns has-1-columns has-desktop-equal-layout has-tablet-equal-layout has-mobile-equal-layout has-default-gap has-vertical-unset\" id=\"wp-block-themeisle-blocks-advanced-columns-c05fe967\"><div class=\"wp-block-themeisle-blocks-advanced-columns-overlay\"><\/div><div class=\"innerblocks-wrap\">\n<div class=\"wp-block-themeisle-blocks-advanced-column\" id=\"wp-block-themeisle-blocks-advanced-column-b995e747\">\n<p>Bien que la France soit un pays s\u00fbr, il y a des pr\u00e9cautions qui sont importantes et qui vous permettront de profiter pleinement de tout votre s\u00e9jour.<\/p>\n\n\n\n<ul class=\"wp-block-list\"><li>Attachez votre monocycle, des vols peuvent toujours avoir lieu, en particulier dans les grandes villes. Attachez votre monocycle, m\u00eame au village de l'Unicon (nous aurons des parkings sp\u00e9cifiques) ou \u00e0 la halle Cl\u00e9menceau.<\/li><li>Ayez l\u2019\u0153il sur vos effets personnels.<\/li><\/ul>\n\n\n\n<p>Si vous avez un probl\u00e8me aigu de s\u00e9curit\u00e9, vous pouvez appeler le 112 pour tous types d'urgence. Plus sp\u00e9cifiquement, vous pouvez appeler :<\/p>\n\n\n\n<ul class=\"wp-block-list\"><li>Le 17 pour la police<\/li><li>Le 18 pour les pompiers<\/li><li>Le 15 pour les urgences en rapport avec des probl\u00e8mes de sant\u00e9.<\/li><\/ul>\n\n\n\n<p>Pendant les comp\u00e9titions, la Croix Rouge sera sur site pour presque tous les \u00e9v\u00e9nements, ou \u00e0 proximit\u00e9 et pr\u00eate \u00e0 intervenir. Si vous avez besoin de la contacter et que vous ne la voyez pas, interpelez l'organisateur le plus proche ou le directeur de l'\u00e9v\u00e9nement.<\/p>\n<\/div>\n<\/div><\/div>","protected":false},"excerpt":{"rendered":"","protected":false},"author":2,"featured_media":0,"parent":0,"menu_order":0,"comment_status":"closed","ping_status":"closed","template":"","meta":{"footnotes":""},"class_list":["post-3187","page","type-page","status-publish","hentry"],"featured_image_urls_v2":{"full":"","thumbnail":"","medium":"","medium_large":"","large":"","1536x1536":"","2048x2048":"","trp-custom-language-flag":"","hestia-blog":""},"post_excerpt_stackable_v2":"<p>Although France is a safe country, there are precautions that are important to take should you wish to enjoy all of your stay. lock your unicycles; especially in big towns, theft can happen. Lock your unicycles, even at Unicon Village (we will have unicycle parkings) or Halle Cl\u00e9menceaukeep an eye on your personal belongings. If you have a security emergency, call 112 for any kind of emergency. More sepcifically, you can call: 17 for the police18 for firemen15 for health emergencies During competitions, red cross will be either on site for almost all competitions, or close by and ready to\u2026<\/p>\n","category_list_v2":"","author_info_v2":{"name":"Fran\u00e7ois","url":"https:\/\/unicon20.fr\/fr\/author\/gingo\/"},"comments_num_v2":"0 commentaire","_links":{"self":[{"href":"https:\/\/unicon20.fr\/fr\/wp-json\/wp\/v2\/pages\/3187","targetHints":{"allow":["GET"]}}],"collection":[{"href":"https:\/\/unicon20.fr\/fr\/wp-json\/wp\/v2\/pages"}],"about":[{"href":"https:\/\/unicon20.fr\/fr\/wp-json\/wp\/v2\/types\/page"}],"author":[{"embeddable":true,"href":"https:\/\/unicon20.fr\/fr\/wp-json\/wp\/v2\/users\/2"}],"replies":[{"embeddable":true,"href":"https:\/\/unicon20.fr\/fr\/wp-json\/wp\/v2\/comments?post=3187"}],"version-history":[{"count":1,"href":"https:\/\/unicon20.fr\/fr\/wp-json\/wp\/v2\/pages\/3187\/revisions"}],"predecessor-version":[{"id":3188,"href":"https:\/\/unicon20.fr\/fr\/wp-json\/wp\/v2\/pages\/3187\/revisions\/3188"}],"wp:attachment":[{"href":"https:\/\/unicon20.fr\/fr\/wp-json\/wp\/v2\/media?parent=3187"}],"curies":[{"name":"wp","href":"https:\/\/api.w.org\/{rel}","templated":true}]}}