{"id":36,"date":"2019-02-24T14:24:15","date_gmt":"2019-02-24T13:24:15","guid":{"rendered":"https:\/\/www.unicon20.fr\/?page_id=36"},"modified":"2022-07-19T17:57:46","modified_gmt":"2022-07-19T15:57:46","slug":"register","status":"publish","type":"page","link":"https:\/\/unicon20.fr\/fr\/competitions\/register\/","title":{"rendered":"Inscription"},"content":{"rendered":"<p class=\" translation-block\">L'inscription est pour vous le seul moyen de participer \u00e0 la 20\u00e8me \u00e9dition de l'UNICON. Vous pouvez vous inscrire comme comp\u00e9titeur, ou non. Les comp\u00e9titeurs peuvent participer aux \u00e9preuves, tandis que les non-comp\u00e9titeurs ne peuvent participer qu'aux ateliers et aux \u00e9v\u00e9nements hors comp\u00e9tition (la parade par exemple).<\/p>\n\n\n\n<p>Important : pour rouler \u00e0 monocycle dans le cadre de l'UNICON 2020, vous devez \u00eatre inscrit au moins en tant que non-comp\u00e9titeur, comme - par exemple - pour participer \u00e0 la parade.<\/p>\n\n\n\n<p>Suite <strong>au report de l'Unicon 20 en 2022<\/strong> \u00e0 cause de la pand\u00e9mie de Covid-19, <strong>les nouvelles conditions d'inscription et de remboursement ont \u00e9t\u00e9 d\u00e9termin\u00e9es par l'\u00e9quipe d'organisation de l'Unicon 20<\/strong>. Vois ci-dessous.<\/p>\n\n\n\n<p>Si vous \u00eates<strong> d\u00e9j\u00e0 inscrit pour l'Unicon 20, nous vous encourageons \u00e0 rester inscrits pour 2022.<\/strong>.<\/p>\n\n\n<div class=\"su-accordion su-u-trim\">\n<div class=\"su-spoiler su-spoiler-style-default su-spoiler-icon-plus su-spoiler-closed\" data-scroll-offset=\"0\" data-anchor-in-url=\"no\"><div class=\"su-spoiler-title\" tabindex=\"0\" role=\"button\"><span class=\"su-spoiler-icon\"><\/span>Inscription : d\u00e9tails et prix<\/div><div class=\"su-spoiler-content su-u-clearfix su-u-trim\">\n\n\n<table id=\"tablepress-1\" class=\"tablepress tablepress-id-1\">\n<thead>\n<tr class=\"row-1\">\n\t<td class=\"column-1\"><\/td><th class=\"column-2\">Inscription normale<\/th><th class=\"column-3\">Inscription tr\u00e8s tardive<\/th>\n<\/tr>\n<\/thead>\n<tbody class=\"row-striping row-hover\">\n<tr class=\"row-2\">\n\t<td class=\"column-1\">Dernier jour pour s'enregistrer<\/td><td class=\"column-2\">17-04-2022<\/td><td class=\"column-3\">06-30-2022<\/td>\n<\/tr>\n<tr class=\"row-3\">\n\t<td class=\"column-1\">Comp\u00e9titeur<\/td><td class=\"column-2\">230 \u20ac<\/td><td class=\"column-3\">280 \u20ac<\/td>\n<\/tr>\n<tr class=\"row-4\">\n\t<td class=\"column-1\">Non-comp\u00e9titeur<\/td><td class=\"column-2\">90 \u20ac<\/td><td class=\"column-3\">130 \u20ac<\/td>\n<\/tr>\n<\/tbody>\n<\/table>\n<!-- #tablepress-1 from cache -->\n\n\n<p>Notez bien que ces prix ne comprennent pas l'adh\u00e9sion \u00e0 l'IUF : 15 euros.<\/p>\n<p>Vous \u00e9tiez inscrit \u00e0 Unicon 2020, vous avez demand\u00e9 un remboursement lors du premier report (<strong>only refunds asked for before the 5th of December 2020 are eligible<\/strong>), et vous souhaitez maintenant vous inscrire \u00e0 nouveau. Vous pouvez b\u00e9n\u00e9ficier <strong>d'une r\u00e9duction de 30 euros (pour les comp\u00e9titeurs) ou 15 euros (pour les non-comp\u00e9titeurs)<\/strong>. Utilisez le m\u00eame compte pour l'inscription, et contactez nous avant de payer en envoyant un mail \u00e0 <a href=\"mailto:contact@unicon20.fr\">contact@unicon20.fr<\/a>.<\/p>\n<\/div><\/div>\n<div class=\"su-spoiler su-spoiler-style-default su-spoiler-icon-plus su-spoiler-closed\" data-scroll-offset=\"0\" data-anchor-in-url=\"no\"><div class=\"su-spoiler-title\" tabindex=\"0\" role=\"button\"><span class=\"su-spoiler-icon\"><\/span>R\u00e9ductions pour familles<\/div><div class=\"su-spoiler-content su-u-clearfix su-u-trim\">\n<p>En tant que famille vous pouvez demander une r\u00e9duction de 10%.<\/p>\n<h4>Qui ?<\/h4>\n<p>Vous devez \u00eatre au moins trois comp\u00e9titeurs de la m\u00eame famille, avec la m\u00eame adresse de r\u00e9sidence; deux des trois comp\u00e9titeurs doivent \u00eatre \u00e2g\u00e9s de moins de 18 ans.<\/p>\n<h4>Comment ?<\/h4>\n<p>Vous devez d'abord vous inscrire et payer pour votre adh\u00e9sion \u00e0 l'IUF.<br>Puis fa\u00eetes la demande de r\u00e9duction en envoyant un e-mail \u00e0 <a href=\"mailto:contact@unicon20.fr\">contact@unicon20.fr<\/a> avec les r\u00e9f\u00e9rences d'enregistrement des comp\u00e9titeurs et les autres justificatifs.<\/p>\n<h4>Admissible mais d\u00e9j\u00e0 inscrit et pay\u00e9 ?<\/h4>\n<p>Pas de probl\u00e8me, appliquez les m\u00eames informations que ci-dessus pour obtenir votre remboursement partiel !<\/p>\n<\/div><\/div> <div class=\"su-spoiler su-spoiler-style-default su-spoiler-icon-plus su-spoiler-closed\" data-scroll-offset=\"0\" data-anchor-in-url=\"no\"><div class=\"su-spoiler-title\" tabindex=\"0\" role=\"button\"><span class=\"su-spoiler-icon\"><\/span>Conditions de remboursement<\/div><div class=\"su-spoiler-content su-u-clearfix su-u-trim\">\n<p><span>Jusqu'au 16 janvier 2022 : remboursement avec retenue de frais de 35 euros (comp\u00e9titeurs) ou 15 euros (non-comp\u00e9titeurs)<\/span><br><span>Du 17 janvier 2022 au 17 avril 2022, 60% de remboursement<\/span><br><span>Du 18 avril 2022 au 30 juin 2022 : 30% de remboursement<\/span><br><span>Apr\u00e8s le 30 juin 2022: pas de remboursement<\/span><\/p>\n<\/div><\/div><br><\/div>\n\n\n<div class=\"wp-block-button aligncenter is-style-default\"><a class=\"wp-block-button__link has-background has-accent-background-color\" href=\"https:\/\/unicon2020.reg.unicycling-software.com\" target=\"_blank\" rel=\"noopener noreferrer\">Mettre \u00e0 jour votre inscription\n<br><\/a><\/div>\n\n\n\n<p>Les inscriptions sont d\u00e9sormais closes.<\/p>\n\n\n\n<p>Lorsque vous vous inscrivez, soyez bien conscient du fait que tout \u00e9v\u00e9nement se d\u00e9roulant \u00e0 l'ext\u00e9rieur est susceptible d'\u00eatre annul\u00e9, pour diff\u00e9rentes raisons - mauvais temps, danger m\u00e9t\u00e9orologique, mauvaise qualit\u00e9 de l'air ... Dans ce cas, nous ferions tout notre possible pour reprogrammer cet \u00e9v\u00e9nement plus tard, mais nous ne pouvons pas le garantir.<\/p>","protected":false},"excerpt":{"rendered":"<p>Registering is the only way for you to take part to the 20th edition of the UNICON. You can register as competitor as well as non-competitor. Competitors can take part to competitions while non-competitors can only take part to workshops and non-competition events (such as the parade). Important: in order [&hellip;]<\/p>","protected":false},"author":1,"featured_media":0,"parent":33,"menu_order":0,"comment_status":"closed","ping_status":"closed","template":"","meta":{"footnotes":""},"class_list":["post-36","page","type-page","status-publish","hentry"],"featured_image_urls_v2":{"full":"","thumbnail":"","medium":"","medium_large":"","large":"","1536x1536":"","2048x2048":"","trp-custom-language-flag":"","hestia-blog":""},"post_excerpt_stackable_v2":"<p>Registering is the only way for you to take part to the 20th edition of the UNICON. You can register as competitor as well as non-competitor. Competitors can take part to competitions while non-competitors can only take part to workshops and non-competition events (such as the parade). Important: in order to ride a unicycle at UNICON 20, you must be registered as at least a non-competitor. For example, in order to ride in the parade, you must register as a non-competitor. Following the postponment of Unicon 20 to 2022 because of the Covid-19 pandemic, new registration and refund conditions have\u2026<\/p>\n","category_list_v2":"","author_info_v2":{"name":"Maxence","url":"https:\/\/unicon20.fr\/fr\/author\/abrikot\/"},"comments_num_v2":"0 commentaire","_links":{"self":[{"href":"https:\/\/unicon20.fr\/fr\/wp-json\/wp\/v2\/pages\/36","targetHints":{"allow":["GET"]}}],"collection":[{"href":"https:\/\/unicon20.fr\/fr\/wp-json\/wp\/v2\/pages"}],"about":[{"href":"https:\/\/unicon20.fr\/fr\/wp-json\/wp\/v2\/types\/page"}],"author":[{"embeddable":true,"href":"https:\/\/unicon20.fr\/fr\/wp-json\/wp\/v2\/users\/1"}],"replies":[{"embeddable":true,"href":"https:\/\/unicon20.fr\/fr\/wp-json\/wp\/v2\/comments?post=36"}],"version-history":[{"count":81,"href":"https:\/\/unicon20.fr\/fr\/wp-json\/wp\/v2\/pages\/36\/revisions"}],"predecessor-version":[{"id":3237,"href":"https:\/\/unicon20.fr\/fr\/wp-json\/wp\/v2\/pages\/36\/revisions\/3237"}],"up":[{"embeddable":true,"href":"https:\/\/unicon20.fr\/fr\/wp-json\/wp\/v2\/pages\/33"}],"wp:attachment":[{"href":"https:\/\/unicon20.fr\/fr\/wp-json\/wp\/v2\/media?parent=36"}],"curies":[{"name":"wp","href":"https:\/\/api.w.org\/{rel}","templated":true}]}}