{"id":38,"date":"2019-02-24T14:24:34","date_gmt":"2019-02-24T13:24:34","guid":{"rendered":"https:\/\/www.unicon20.fr\/?page_id=38"},"modified":"2019-11-18T11:14:56","modified_gmt":"2019-11-18T10:14:56","slug":"disciplines","status":"publish","type":"page","link":"https:\/\/unicon20.fr\/fr\/competitions\/disciplines\/","title":{"rendered":"Disciplines"},"content":{"rendered":"<p>Le monocycle est un sport tr\u00e8s diversifi\u00e9 ! L'Unicon 20 accueillera 37 disciplines diff\u00e9rentes, allant de l'athl\u00e9tisme au monocycle artistique, du monocycle urbain aux sauts, du tout-terrain aux sports collectifs...<\/p>\n\n\n\n<p><\/p>\n\n\n\n<div class=\"wp-block-media-text alignwide has-media-on-the-right\"><figure class=\"wp-block-media-text__media\"><img loading=\"lazy\" decoding=\"async\" width=\"1024\" height=\"576\" src=\"https:\/\/unicon20.fr\/wp-content\/uploads\/2019\/05\/IMG_8115-1024x576.jpg\" alt=\"\" class=\"wp-image-1346\" srcset=\"https:\/\/unicon20.fr\/wp-content\/uploads\/2019\/05\/IMG_8115-1024x576.jpg 1024w, https:\/\/unicon20.fr\/wp-content\/uploads\/2019\/05\/IMG_8115-300x169.jpg 300w, https:\/\/unicon20.fr\/wp-content\/uploads\/2019\/05\/IMG_8115-768x432.jpg 768w\" sizes=\"auto, (max-width: 1024px) 100vw, 1024px\" \/><\/figure><div class=\"wp-block-media-text__content\">\n<p class=\"has-large-font-size\"><a href=\"https:\/\/unicon20.fr\/competitions\/disciplines\/freestyle\/\">Freestyle<\/a><\/p>\n\n\n\n<p> Le Freestyle est la comp\u00e9tition regroupant les figures et le monocycle artistique. Vous pouvez concourir seul, avec un partenaire ou en groupe.<br><\/p>\n<\/div><\/div>\n\n\n\n<p><\/p>\n\n\n\n<div class=\"wp-block-media-text alignwide\"><figure class=\"wp-block-media-text__media\"><img loading=\"lazy\" decoding=\"async\" width=\"960\" height=\"640\" src=\"https:\/\/unicon20.fr\/wp-content\/uploads\/2019\/05\/jakob_flansb.jpg\" alt=\"\" class=\"wp-image-1347\" srcset=\"https:\/\/unicon20.fr\/wp-content\/uploads\/2019\/05\/jakob_flansb.jpg 960w, https:\/\/unicon20.fr\/wp-content\/uploads\/2019\/05\/jakob_flansb-300x200.jpg 300w, https:\/\/unicon20.fr\/wp-content\/uploads\/2019\/05\/jakob_flansb-768x512.jpg 768w, https:\/\/unicon20.fr\/wp-content\/uploads\/2019\/05\/jakob_flansb-360x240.jpg 360w\" sizes=\"auto, (max-width: 960px) 100vw, 960px\" \/><\/figure><div class=\"wp-block-media-text__content\">\n<p class=\"has-large-font-size\"><a href=\"https:\/\/unicon20.fr\/competitions\/disciplines\/muni-races\/\">Monocycle tout-terrain<\/a><\/p>\n\n\n\n<p>\"MUNI\" pour Mountain UNIcycle. Cela regroupe toutes les courses de l'UNICON 20 qui ne sont pas sur route : cross-country, cyclo-cross, descente et mont\u00e9e.<\/p>\n<\/div><\/div>\n\n\n\n<p><\/p>\n\n\n\n<div class=\"wp-block-media-text alignwide has-media-on-the-right\"><figure class=\"wp-block-media-text__media\"><img loading=\"lazy\" decoding=\"async\" width=\"1024\" height=\"683\" src=\"https:\/\/unicon20.fr\/wp-content\/uploads\/2019\/05\/IMG_9472-1024x683.jpg\" alt=\"\" class=\"wp-image-1343\" srcset=\"https:\/\/unicon20.fr\/wp-content\/uploads\/2019\/05\/IMG_9472-1024x683.jpg 1024w, https:\/\/unicon20.fr\/wp-content\/uploads\/2019\/05\/IMG_9472-300x200.jpg 300w, https:\/\/unicon20.fr\/wp-content\/uploads\/2019\/05\/IMG_9472-768x512.jpg 768w, https:\/\/unicon20.fr\/wp-content\/uploads\/2019\/05\/IMG_9472-360x240.jpg 360w, https:\/\/unicon20.fr\/wp-content\/uploads\/2019\/05\/IMG_9472.jpg 1920w\" sizes=\"auto, (max-width: 1024px) 100vw, 1024px\" \/><\/figure><div class=\"wp-block-media-text__content\">\n<p class=\"has-large-font-size\"><a href=\"https:\/\/unicon20.fr\/competitions\/disciplines\/road-races\/\">Courses sur route<\/a><\/p>\n\n\n\n<p>La plus courte : 10 km. La plus c\u00e9l\u00e8bre : le marathon. Et - qui sait ? - peut-\u00eatre d'autres ...<\/p>\n<\/div><\/div>\n\n\n\n<p><\/p>\n\n\n\n<div class=\"wp-block-media-text alignwide\"><figure class=\"wp-block-media-text__media\"><img loading=\"lazy\" decoding=\"async\" width=\"1024\" height=\"683\" src=\"https:\/\/unicon20.fr\/wp-content\/uploads\/2019\/05\/IMG_1173-1024x683.jpg\" alt=\"\" class=\"wp-image-1349\" srcset=\"\" sizes=\"auto, (max-width: 1024px) 100vw, 1024px\" data-srcset=\"\" \/><\/figure><div class=\"wp-block-media-text__content\">\n<p class=\"has-large-font-size\"><a href=\"https:\/\/unicon20.fr\/competitions\/disciplines\/team-sports\/\">Sports collectifs<\/a><\/p>\n\n\n\n<p>Le monocycle n'est pas un sport individuel. Nous accueillerons des tournois de mono-hockey et de mono-basket !<\/p>\n<\/div><\/div>\n\n\n\n<p><\/p>\n\n\n\n<div class=\"wp-block-media-text alignwide has-media-on-the-right\"><figure class=\"wp-block-media-text__media\"><img loading=\"lazy\" decoding=\"async\" width=\"1024\" height=\"683\" src=\"https:\/\/unicon20.fr\/wp-content\/uploads\/2019\/05\/IMG_8159-1024x683.jpg\" alt=\"\" class=\"wp-image-1345\" srcset=\"https:\/\/unicon20.fr\/wp-content\/uploads\/2019\/05\/IMG_8159-1024x683.jpg 1024w, https:\/\/unicon20.fr\/wp-content\/uploads\/2019\/05\/IMG_8159-300x200.jpg 300w, https:\/\/unicon20.fr\/wp-content\/uploads\/2019\/05\/IMG_8159-768x512.jpg 768w, https:\/\/unicon20.fr\/wp-content\/uploads\/2019\/05\/IMG_8159-360x240.jpg 360w, https:\/\/unicon20.fr\/wp-content\/uploads\/2019\/05\/IMG_8159.jpg 1920w\" sizes=\"auto, (max-width: 1024px) 100vw, 1024px\" \/><\/figure><div class=\"wp-block-media-text__content\">\n<p class=\"has-large-font-size\"><a href=\"https:\/\/unicon20.fr\/competitions\/disciplines\/track-races\/\">Athl\u00e9tisme<\/a><\/p>\n\n\n\n<p>Courses sur piste : 100 m, 400 m, 800 m, 50 m un pied, 30\/10 m march\u00e9 sur la roue. Nous aurons aussi le slalom IUF, les courses de lenteur, le sur-place et le coasting.<\/p>\n<\/div><\/div>\n\n\n\n<p><\/p>\n\n\n\n<div class=\"wp-block-media-text alignwide\"><figure class=\"wp-block-media-text__media\"><img loading=\"lazy\" decoding=\"async\" width=\"1024\" height=\"683\" src=\"https:\/\/unicon20.fr\/wp-content\/uploads\/2019\/05\/IMG_8328-1024x683.jpg\" alt=\"\" class=\"wp-image-1350\" srcset=\"https:\/\/unicon20.fr\/wp-content\/uploads\/2019\/05\/IMG_8328-1024x683.jpg 1024w, https:\/\/unicon20.fr\/wp-content\/uploads\/2019\/05\/IMG_8328-300x200.jpg 300w, https:\/\/unicon20.fr\/wp-content\/uploads\/2019\/05\/IMG_8328-768x512.jpg 768w, https:\/\/unicon20.fr\/wp-content\/uploads\/2019\/05\/IMG_8328-360x240.jpg 360w, https:\/\/unicon20.fr\/wp-content\/uploads\/2019\/05\/IMG_8328.jpg 1920w\" sizes=\"auto, (max-width: 1024px) 100vw, 1024px\" \/><\/figure><div class=\"wp-block-media-text__content\">\n<p class=\"has-large-font-size\"><a href=\"https:\/\/unicon20.fr\/competitions\/disciplines\/urban\/\">Monocycle urbain<\/a><\/p>\n\n\n\n<p>Le flat pour des figures sur le plat, trial et speed trial pour le franchissement d'obstacles. Vous voulez un m\u00e9lange des deux ? Laissez moi vous pr\u00e9senter le street ! Il y a aussi le saut en hauteur et le saut en longueur. Pas suffisant ? Essayez le saut en longueur sur plate-forme et le saut en hauteur sur plate-forme.<\/p>\n<\/div><\/div>\n\n\n\n<p><\/p>","protected":false},"excerpt":{"rendered":"<p>Unicycling is a very diverse sport! Unicon 20 will host 37 different disciplines, ranging from races to freestyle, urban unicycling, jumps, mountain unicycling and team sports! Freestyle Freestyle is the tricks and artistic unicycle competition. Compete at freestyle individually, with a partner, or in a group. Muni Muni stands for [&hellip;]<\/p>","protected":false},"author":1,"featured_media":0,"parent":33,"menu_order":0,"comment_status":"closed","ping_status":"closed","template":"","meta":{"footnotes":""},"class_list":["post-38","page","type-page","status-publish","hentry"],"featured_image_urls_v2":{"full":"","thumbnail":"","medium":"","medium_large":"","large":"","1536x1536":"","2048x2048":"","trp-custom-language-flag":"","hestia-blog":""},"post_excerpt_stackable_v2":"<p>Unicycling is a very diverse sport! Unicon 20 will host 37 different disciplines, ranging from races to freestyle, urban unicycling, jumps, mountain unicycling and team sports! Freestyle Freestyle is the tricks and artistic unicycle competition. Compete at freestyle individually, with a partner, or in a group. Muni Muni stands for Mountain Unicycling. It regroups all off-road races hosted at Unicon 20: cross country, cyclocross, downhill and uphill. Road races The shortest : 10 kilometers. The famous: marathon. And who knows, we might have more&#8230; Team sports Unicycling is not an individual sport. We will host unicycle hockey and unicycle basketball!\u2026<\/p>\n","category_list_v2":"","author_info_v2":{"name":"Maxence","url":"https:\/\/unicon20.fr\/fr\/author\/abrikot\/"},"comments_num_v2":"0 commentaire","_links":{"self":[{"href":"https:\/\/unicon20.fr\/fr\/wp-json\/wp\/v2\/pages\/38","targetHints":{"allow":["GET"]}}],"collection":[{"href":"https:\/\/unicon20.fr\/fr\/wp-json\/wp\/v2\/pages"}],"about":[{"href":"https:\/\/unicon20.fr\/fr\/wp-json\/wp\/v2\/types\/page"}],"author":[{"embeddable":true,"href":"https:\/\/unicon20.fr\/fr\/wp-json\/wp\/v2\/users\/1"}],"replies":[{"embeddable":true,"href":"https:\/\/unicon20.fr\/fr\/wp-json\/wp\/v2\/comments?post=38"}],"version-history":[{"count":26,"href":"https:\/\/unicon20.fr\/fr\/wp-json\/wp\/v2\/pages\/38\/revisions"}],"predecessor-version":[{"id":1936,"href":"https:\/\/unicon20.fr\/fr\/wp-json\/wp\/v2\/pages\/38\/revisions\/1936"}],"up":[{"embeddable":true,"href":"https:\/\/unicon20.fr\/fr\/wp-json\/wp\/v2\/pages\/33"}],"wp:attachment":[{"href":"https:\/\/unicon20.fr\/fr\/wp-json\/wp\/v2\/media?parent=38"}],"curies":[{"name":"wp","href":"https:\/\/api.w.org\/{rel}","templated":true}]}}