{"id":47,"date":"2019-02-24T14:25:24","date_gmt":"2019-02-24T13:25:24","guid":{"rendered":"https:\/\/www.unicon20.fr\/?page_id=47"},"modified":"2022-07-19T17:59:22","modified_gmt":"2022-07-19T15:59:22","slug":"core-team","status":"publish","type":"page","link":"https:\/\/unicon20.fr\/fr\/our-team\/core-team\/","title":{"rendered":"Comit\u00e9 d'organisation"},"content":{"rendered":"<div class=\"wp-block-group\"><div class=\"wp-block-group__inner-container is-layout-flow wp-block-group-is-layout-flow\">\n<div class=\"core-team-element alignwide\">\n<div class=\"core-team-image\">\n<div class=\"core-team-main-image\" data-image=\"https:\/\/unicon20.fr\/wp-content\/uploads\/2019\/04\/GINGO_PORTRAIT.png\"><\/div>\n<div class=\"core-team-hover-image\" data-image=\"https:\/\/unicon20.fr\/wp-content\/uploads\/2019\/03\/francois_monocycle.jpg\"><\/div>\n<\/div>\n<div class=\"core-team-description\">\n<p><b>Pr\u00e9nom :<\/b> Fran\u00e7ois<\/p>\n<p><b>Surnom :<\/b> Gingo<\/p>\n<p><b>Poste dans le projet :<\/b> Coordinateur<\/p>\n<p><b>Monocycliste depuis :<\/b> 27 ans<\/p>\n<p><b>Discipline favorite :<\/b> Descente, basket<\/p>\n<p><b>Pourquoi as-tu rejoins l'\u00e9quipe d'organisation de l'Unicon 20 ?<\/b>\u00a0L'UNICON 20 en 2020, \u00e0 domicile ! Quel r\u00eave magnifique ! \u00c7a semble \u00eatre l'\u00e9volution logique du d\u00e9veloppement du monocycle en France. Fromage, baguette et monocycle !<\/p>\n<\/div>\n<\/div>\n<hr \/>\n<div class=\"core-team-element alignwide\">\n<div class=\"core-team-image\">\n<div class=\"core-team-main-image\" data-image=\"https:\/\/unicon20.fr\/wp-content\/uploads\/2019\/04\/GENEVIEVE_PORTRAIT.png\"><\/div>\n<div class=\"core-team-hover-image\" data-image=\"https:\/\/unicon20.fr\/wp-content\/uploads\/2019\/04\/GENEVIEVE_MONO.png\"><\/div>\n<\/div>\n<div class=\"core-team-description\">\n<p><b>Pr\u00e9nom :<\/b> Genevi\u00e8ve<\/p>\n<p><b>Poste dans le projet :<\/b> Budget et animation<\/p>\n<p><b>Monocycliste depuis :<\/b> 25 ans<\/p>\n<p><b>Discipline favorite :<\/b> Artistique, basket, cross, descente<\/p>\n<p><b>Pourquoi as-tu rejoins l'\u00e9quipe d'organisation de l'Unicon 20 ?<\/b>\u00a0Cela fait des ann\u00e9es que je me suis dit que si on organisait un UNICON en France, j'aimerais participer \u00e0 l'organisation. Alors lorsque la f\u00e9d\u00e9ration a demand\u00e9 des b\u00e9n\u00e9voles, j'ai fonc\u00e9. Et je suis fi\u00e8re de participer \u00e0 cette grande aventure ! Tout ne sera pas parfait, mais soyez s\u00fbrs que l'on fera de notre mieux.<\/p>\n<\/div>\n<\/div>\n<hr \/>\n<div class=\"core-team-element alignwide\">\n<div class=\"core-team-image\">\n<div class=\"core-team-main-image\" data-image=\"https:\/\/unicon20.fr\/wp-content\/uploads\/2022\/05\/Sylvain.jpg\"><\/div>\n<div class=\"core-team-hover-image\" data-image=\"https:\/\/unicon20.fr\/wp-content\/uploads\/2022\/05\/Sylvain.jpg\"><\/div>\n<\/div>\n<div class=\"core-team-description\">\n<p><b>Pr\u00e9nom :<\/b> Sylvain<\/p>\n<p><b>Surnom :<\/b> Sylvou<\/p>\n<p><b>Poste dans le projet :<\/b> Responsable technique et comp\u00e9tition<\/p>\n<p><b>Monocycliste depuis :<\/b> 12 ans<\/p>\n<p><b>Discipline favorite :<\/b> MUni, distance, monobasket<\/p>\n<p><b>Pourquoi as-tu rejoins l'\u00e9quipe d'organisation de l'Unicon 20 ?<\/b> <span>C'est un grand d\u00e9fi, professionnellement et humainement int\u00e9ressant et une grande opportunit\u00e9 de s'engager pour la communaut\u00e9 monocycliste !<\/span><\/p>\n<\/div>\n<\/div>\n<hr \/>\n<div class=\"core-team-element alignwide\">\n<div class=\"core-team-image\">\n<div class=\"core-team-main-image\" data-image=\"https:\/\/unicon20.fr\/wp-content\/uploads\/2022\/05\/bernard-ferrari.jpg\"><\/div>\n<div class=\"core-team-hover-image\" data-image=\"https:\/\/unicon20.fr\/wp-content\/uploads\/2022\/05\/bernard-ferrari.jpg\"><\/div>\n<\/div>\n<div class=\"core-team-description\">\n<p><b>Pr\u00e9nom :<\/b> Bernard<\/p>\n<p><b>Surnom :<\/b> Nanard<\/p>\n<p><b>Poste dans le projet :<\/b> R\u00e9gisseur site du Village<\/p>\n<p><b>Monocycliste depuis :<\/b> Jamais !<\/p>\n<p><b>Discipline favorite :<\/b> Je n'en ai pas<\/p>\n<p><b>Pourquoi as-tu rejoins l'\u00e9quipe d'organisation de l'Unicon 20 ?<\/b> A la demande de Nathana\u00eblle et parce que j'aime les d\u00e9fis !<\/p>\n<\/div>\n<\/div>\n<hr \/>\n<div class=\"core-team-element alignwide\">\n<div class=\"core-team-image\">\n<div class=\"core-team-main-image\" data-image=\"https:\/\/unicon20.fr\/wp-content\/uploads\/2022\/05\/image-3.png\"><\/div>\n<div class=\"core-team-hover-image\" data-image=\"https:\/\/unicon20.fr\/wp-content\/uploads\/2022\/05\/image-4.png\"><\/div>\n<\/div>\n<div class=\"core-team-description\">\n<p><b>Pr\u00e9nom :<\/b> El\u00e9onore<\/p>\n<p><b>Surnom :<\/b> El\u00e9<\/p>\n<p><b>Poste dans le projet :<\/b> R\u00e9ponse aux mails et traductrice anglais\/allemand<\/p>\n<p><b>Monocycliste depuis :<\/b> 13 ans<\/p>\n<p><b>Discipline favorite :<\/b> Freestyle<\/p>\n<p><b>Pourquoi as-tu rejoins l'\u00e9quipe d'organisation de l'Unicon 20 ?<\/b>\u00a0Pour aider \u00e0 organiser le meilleur \u00e9v\u00e8nement possible &amp; pour rester en contact avec les autres monocyclistes malgr\u00e9 le covid<\/p>\n<\/div>\n<\/div>\n<hr \/>\n<div class=\"core-team-element alignwide\">\n<div class=\"core-team-image\">\n<div class=\"core-team-main-image\" data-image=\"https:\/\/unicon20.fr\/wp-content\/uploads\/2019\/04\/MARINE_PORTRAIT.png\"><\/div>\n<div class=\"core-team-hover-image\" data-image=\"https:\/\/unicon20.fr\/wp-content\/uploads\/2019\/04\/Marine_mono.jpg\"><\/div>\n<\/div>\n<div class=\"core-team-description\">\n<p><b>Pr\u00e9nom :<\/b> Marine<\/p>\n<p><b>Surnom :<\/b> Riri<\/p>\n<p><b>Poste dans le projet :<\/b> Responsable communication<\/p>\n<p><b>Monocycliste depuis :<\/b> 12 ans<\/p>\n<p><b>Discipline favorite :<\/b> Cross<\/p>\n<p><b>Pourquoi as-tu rejoins l'\u00e9quipe d'organisation de l'Unicon 20 ? <\/b>Je souhaite allier ma passion du monocycle et mes comp\u00e9tences en communication afin de d\u00e9mocratiser ce sport exceptionnel.<\/p>\n<\/div>\n<\/div>\n<hr \/>\n<div class=\"core-team-element alignwide\">\n<div class=\"core-team-image\">\n<div class=\"core-team-main-image\" data-image=\"https:\/\/unicon20.fr\/wp-content\/uploads\/2019\/03\/Maxence_neutre.png\"><\/div>\n<div class=\"core-team-hover-image\" data-image=\"https:\/\/unicon20.fr\/wp-content\/uploads\/2019\/03\/Maxence-mono-e1553073205170.jpg\"><\/div>\n<\/div>\n<div class=\"core-team-description\">\n<p><b>Pr\u00e9nom :<\/b> Maxence<\/p>\n<p><b>Surnom :<\/b> Max<\/p>\n<p><b>Poste dans le projet :<\/b> Administrateur du site, superviseur des h\u00e9bergements<\/p>\n<p><b>Monocycliste depuis :<\/b> 16 ans<\/p>\n<p><b>Discipline favorite :<\/b> Monocycle en montagne<\/p>\n<p><b>Pourquoi as-tu rejoins l'\u00e9quipe d'organisation de l'Unicon 20 ?<\/b>\u00a0L'UNICON est une telle opportunit\u00e9 pour les monocyclistes de se rencontrer, de s'am\u00e9liorer et de passer un excellent moment que je me devais de prendre part \u00e0 l'organisation de cet \u00e9v\u00e9nement !<\/p>\n<\/div>\n<\/div>\n<hr \/>\n<div class=\"core-team-element alignwide\">\n<div class=\"core-team-image\">\n<div class=\"core-team-main-image\" data-image=\"https:\/\/unicon20.fr\/wp-content\/uploads\/2019\/04\/ELISE_Portrait.png\"><\/div>\n<div class=\"core-team-hover-image\" data-image=\"https:\/\/unicon20.fr\/wp-content\/uploads\/2019\/04\/ELISE_Portrait.png\"><\/div>\n<\/div>\n<div class=\"core-team-description\">\n<p><b>Pr\u00e9nom :<\/b> Elise<\/p>\n<p><b>Surnom :<\/b> Noctambule<\/p>\n<p><b>Poste dans le projet :<\/b> Responsable des b\u00e9n\u00e9voles et traductrice<\/p>\n<p><b>Monocycliste depuis :<\/b> 12 ans<\/p>\n<p><b>Discipline favorite :<\/b> Monocycle tout-terrain<\/p>\n<p><b>Pourquoi as-tu rejoins l'\u00e9quipe d'organisation de l'Unicon 20 ?<\/b>\u00a0Je r\u00eavais d'organiser un Unicon depuis mon retour \u00e0 Grenoble apr\u00e8s l'Unicon16. Grenoble me semble \u00eatre l'endroit parfait pour organiser cet \u00e9v\u00e9nement (surtout pour les disciplines de tout-terrain). Huit ans plus tard, je n'habite plus Grenoble, mais je suis ravie de me lancer dans cette aventure !<\/p>\n<\/div>\n<\/div>\n<hr \/>\n<div class=\"core-team-element alignwide\">\n<div class=\"core-team-image\">\n<div class=\"core-team-main-image\" data-image=\"https:\/\/unicon20.fr\/wp-content\/uploads\/2022\/05\/Berenice.png\"><\/div>\n<div class=\"core-team-hover-image\" data-image=\"https:\/\/unicon20.fr\/wp-content\/uploads\/2022\/05\/Berenice.png\"><\/div>\n<\/div>\n<div class=\"core-team-description\">\n<p><b>Pr\u00e9nom :<\/b> B\u00e9r\u00e9nice<\/p>\n<p><b>Surnom :<\/b> B\u00e9r\u00e9 ou Beber pour les intimes<\/p>\n<p><b>Poste dans le projet :<\/b> Responsable partenariats<\/p>\n<p><b>Monocycliste depuis :<\/b> Pas encore mais l'objectif est de pouvoir tenir plus de 30 sec sur un mono pour l'Unicon.<\/p>\n<p><b>Discipline favorite :<\/b> Visuellement, le flat ou le street<\/p>\n<p><b>Pourquoi as-tu rejoins l'\u00e9quipe d'organisation de l'Unicon 20 ?<\/b> J'ai un ami dans l'organisation et je veux rejoindre l'ambiance tr\u00e8s sympa du monde du monocycle \u00e0 Grenoble !<\/p>\n<\/div>\n<\/div>\n<hr \/>\n<div class=\"core-team-element alignwide\">\n<div class=\"core-team-image\">\n<div class=\"core-team-main-image\" data-image=\"https:\/\/unicon20.fr\/wp-content\/uploads\/2022\/05\/Armand-transparent.png\"><\/div>\n<div class=\"core-team-hover-image\" data-image=\"https:\/\/unicon20.fr\/wp-content\/uploads\/2022\/05\/13223431_1089261061117046_1382531687_o.jpg\"><\/div>\n<\/div>\n<div class=\"core-team-description\">\n<p><b>Pr\u00e9nom :<\/b> Armand<\/p>\n<p><b>Surnom :<\/b> Je n'en ai pas..<\/p>\n<p><b>Poste dans le projet :<\/b> R\u00e9f\u00e9rent \u00e9co-manifestation<\/p>\n<p><b>Monocycliste depuis :<\/b> 13 ans<\/p>\n<p><b>Discipline favorite :<\/b> Le saut en hauteur<\/p>\n<p><b>Pourquoi as-tu rejoins l'\u00e9quipe d'organisation de l'Unicon 20 ?<\/b> Participer \u00e0 l'organisation d'un Unicon \"responsable\" est, pour moi, une formidable opportunit\u00e9 de continuer \u00e0 d\u00e9velopper le monocycle. Je ne pouvais pas passer \u00e0 c\u00f4t\u00e9 !<\/p>\n<\/div>\n<\/div>\n<hr \/>\n<div class=\"core-team-element alignwide\">\n<div class=\"core-team-image\">\n<div class=\"core-team-main-image\" data-image=\"https:\/\/unicon20.fr\/wp-content\/uploads\/2019\/10\/Kirsten.png\"><\/div>\n<div class=\"core-team-hover-image\" data-image=\"https:\/\/unicon20.fr\/wp-content\/uploads\/2019\/10\/Photo_option2.jpg\"><\/div>\n<\/div>\n<div class=\"core-team-description\">\n<p><b>Pr\u00e9nom :<\/b> Kirsten<\/p>\n<p><b>Surnom :<\/b> Kirby<\/p>\n<p><b>Poste dans le projet :<\/b> R\u00e9f\u00e9rente IUF, r\u00e9f\u00e9rente internationale et responsable des r\u00e9compenses<\/p>\n<p><b>Monocycliste depuis :<\/b> 17 ans<\/p>\n<p><b>Discipline favorite :<\/b> Fond, montagne, hockey<\/p>\n<p><b>Pourquoi as-tu rejoins l'\u00e9quipe d'organisation de l'Unicon 20 ?<\/b>\u00a0J'adore ce travail avec une \u00e9quipe de monocyclistes pour mener \u00e0 bien une exp\u00e9rience excitante et m\u00e9morable.<\/p>\n<\/div>\n<\/div>\n<hr \/>\n<div class=\"core-team-element alignwide\">\n<div class=\"core-team-image\">\n<div class=\"core-team-main-image\" data-image=\"https:\/\/unicon20.fr\/wp-content\/uploads\/2019\/10\/Connie.png\"><\/div>\n<div class=\"core-team-hover-image\" data-image=\"https:\/\/unicon20.fr\/wp-content\/uploads\/2019\/10\/Connie_bio_8-e1570960785405.jpg\"><\/div>\n<\/div>\n<div class=\"core-team-description\">\n<p><b>Pr\u00e9nom :<\/b> Constance<\/p>\n<p><b>Surnom :<\/b> Connie (ou Conny pour les europ\u00e9ens)<\/p>\n<p><b>Poste dans le projet :<\/b> R\u00e9f\u00e9rente IUF, r\u00e9f\u00e9rente internationale, responsable donn\u00e9es<\/p>\n<p><b>Monocycliste depuis :<\/b> plus de 40 ans<\/p>\n<p><b>Discipline favorite :<\/b> Freestyle, fond, Muni<\/p>\n<p><b>Pourquoi as-tu rejoins l'\u00e9quipe d'organisation de l'Unicon 20 ?<\/b>\u00a0J'adore le monocycle. Tout \u00e0 fait enthousiasm\u00e9e \u00e0 l'id\u00e9e d'\u00eatre en France pour l'UNICON 20.<\/p>\n<\/div>\n<\/div>\n<\/div><\/div>","protected":false},"excerpt":{"rendered":"<p>First name: Fran\u00e7ois Nickname: Gingo Position: Coordinator Unicyclist for: 27 years Favourite discipline: Downhill, basketball Why did you join the UNICON 20 organisation team ?\u00a0Unicon 20 in 2020, at home! What a dream! It seems like the logical evolution of the development of unicycling in France. Cheese, baguette and unicycling! [&hellip;]<\/p>","protected":false},"author":1,"featured_media":0,"parent":44,"menu_order":0,"comment_status":"closed","ping_status":"closed","template":"","meta":{"footnotes":""},"class_list":["post-47","page","type-page","status-publish","hentry"],"featured_image_urls_v2":{"full":"","thumbnail":"","medium":"","medium_large":"","large":"","1536x1536":"","2048x2048":"","trp-custom-language-flag":"","hestia-blog":""},"post_excerpt_stackable_v2":"<p>First name: Fran\u00e7ois Nickname: Gingo Position: Coordinator Unicyclist for: 27 years Favourite discipline: Downhill, basketball Why did you join the UNICON 20 organisation team ?\u00a0Unicon 20 in 2020, at home! What a dream! It seems like the logical evolution of the development of unicycling in France. Cheese, baguette and unicycling! First name: Genevi\u00e8ve Position: Budget and activities Unicyclist for: 25 years Favourite discipline: Freestyle, basketball, off-road, downhill Why did you join the UNICON 20 organisation team ?\u00a0A long time ago, I told myself if there was a UNICON in France, I would like to participate to the organisation. Then, when\u2026<\/p>\n","category_list_v2":"","author_info_v2":{"name":"Maxence","url":"https:\/\/unicon20.fr\/fr\/author\/abrikot\/"},"comments_num_v2":"0 commentaire","_links":{"self":[{"href":"https:\/\/unicon20.fr\/fr\/wp-json\/wp\/v2\/pages\/47","targetHints":{"allow":["GET"]}}],"collection":[{"href":"https:\/\/unicon20.fr\/fr\/wp-json\/wp\/v2\/pages"}],"about":[{"href":"https:\/\/unicon20.fr\/fr\/wp-json\/wp\/v2\/types\/page"}],"author":[{"embeddable":true,"href":"https:\/\/unicon20.fr\/fr\/wp-json\/wp\/v2\/users\/1"}],"replies":[{"embeddable":true,"href":"https:\/\/unicon20.fr\/fr\/wp-json\/wp\/v2\/comments?post=47"}],"version-history":[{"count":91,"href":"https:\/\/unicon20.fr\/fr\/wp-json\/wp\/v2\/pages\/47\/revisions"}],"predecessor-version":[{"id":3238,"href":"https:\/\/unicon20.fr\/fr\/wp-json\/wp\/v2\/pages\/47\/revisions\/3238"}],"up":[{"embeddable":true,"href":"https:\/\/unicon20.fr\/fr\/wp-json\/wp\/v2\/pages\/44"}],"wp:attachment":[{"href":"https:\/\/unicon20.fr\/fr\/wp-json\/wp\/v2\/media?parent=47"}],"curies":[{"name":"wp","href":"https:\/\/api.w.org\/{rel}","templated":true}]}}