{"id":54,"date":"2019-02-24T14:25:52","date_gmt":"2019-02-24T13:25:52","guid":{"rendered":"https:\/\/www.unicon20.fr\/?page_id=54"},"modified":"2019-12-03T18:04:55","modified_gmt":"2019-12-03T17:04:55","slug":"in-grenoble","status":"publish","type":"page","link":"https:\/\/unicon20.fr\/fr\/tourism\/in-grenoble\/","title":{"rendered":"\u00c0 voir \u00e0 Grenoble"},"content":{"rendered":"<figure class=\"wp-block-embed-youtube wp-block-embed is-type-video is-provider-youtube wp-embed-aspect-16-9 wp-has-aspect-ratio\"><div class=\"wp-block-embed__wrapper\">\n<iframe loading=\"lazy\" title=\"Explore Grenoble Alpes\" width=\"750\" height=\"422\" src=\"https:\/\/www.youtube.com\/embed\/qSAkKxPmlts?feature=oembed\" frameborder=\"0\" allow=\"accelerometer; autoplay; encrypted-media; gyroscope; picture-in-picture\" allowfullscreen><\/iframe>\n<\/div><\/figure>\n\n\n\n<h4 class=\"wp-block-heading\">Visites<\/h4>\n\n\n\n<p>Si vous souhaitez profiter de votre s\u00e9jour \u00e0 Grenoble pour faire du tourisme, vous trouverez toutes les informations utiles <a href=\"https:\/\/www.grenoble-tourisme.com\/fr\/infos-pratiques\/\">l'office du tourisme<\/a>. There are several museums you can visit.<\/p>\n\n\n\n<h4 class=\"wp-block-heading\">La Bastille<\/h4>\n\n\n\n<p>Le principal int\u00e9r\u00eat de la ville de Grenoble r\u00e9side dans les montagnes environnantes ! La <a href=\"https:\/\/bastille-grenoble.fr\/\">Bastille<\/a> est l'une des plus accessibles, vous pouvez y monter \u00e0 pied depuis le centre, ou prendre le <a href=\"https:\/\/bastille-grenoble.fr\/le-telepherique\/\">t\u00e9l\u00e9ph\u00e9rique<\/a>Vous ne pourrez pas pendre votre monocycle avec vous dans le t\u00e9l\u00e9ph\u00e9rique, mais vous pouvez faire du monocycle sur la plupart des chemins. Vous pouvez t\u00e9l\u00e9charger une carte des diff\u00e9rents chemins <a href=\"https:\/\/bastille-grenoble.fr\/wp\/wp-content\/uploads\/2019\/01\/carte_sentier_bastille.pdf\">ici<\/a> et vous pouvez trouver plus d'informations sur l'histoire de la Bastille en t\u00e9l\u00e9chargeant <a href=\"https:\/\/bastille-grenoble.fr\/wp\/wp-content\/uploads\/2019\/02\/depliant_regie_6-volets_2019_UK.pdf\">ce document<\/a>. <\/p>\n\n\n\n<p>Si vous \u00eates f\u00e9rus d'aventure, vous pouvez aussi monter \u00e0 la Bastille par la <a href=\"https:\/\/bastille-grenoble.fr\/via-ferrata\/\">via ferrata<\/a>. Vous pouvez louer l'\u00e9quipement n\u00e9cessaire dans beaucoup de magasins \u00e0 Grenoble, et vous pouvez m\u00eame engager un guide pour vous accompagner une journ\u00e9e ou quelques heures.<\/p>\n\n\n\n<h4 class=\"wp-block-heading\">Le Mus\u00e9e de la R\u00e9volution Fran\u00e7aise<\/h4>\n\n\n\n<p>La Bastille de Grenoble n'a rien \u00e0 voir avec la R\u00e9volution Fran\u00e7aise, mais le Ch\u00e2teau de Vizille, en banlieue grenobloise est l'un des berceaux de la r\u00e9volution. Il abrite aujourd'hui le <a href=\"https:\/\/musees.isere.fr\/musee\/musee-de-la-revolution-francaise\">Mus\u00e9e de la R\u00e9volution Fran\u00e7aise<\/a>.<br><\/p>\n\n\n\n<figure class=\"wp-block-image alignfull size-large\"><img loading=\"lazy\" decoding=\"async\" width=\"1024\" height=\"347\" src=\"https:\/\/unicon20.fr\/wp-content\/uploads\/2019\/12\/Photo5-GrenobleAlpes-Grenoble-Alpes-Metropole-Lucas-Frangella-1024x347.jpg\" alt=\"\" class=\"wp-image-2052\" srcset=\"https:\/\/unicon20.fr\/wp-content\/uploads\/2019\/12\/Photo5-GrenobleAlpes-Grenoble-Alpes-Metropole-Lucas-Frangella-1024x347.jpg 1024w, https:\/\/unicon20.fr\/wp-content\/uploads\/2019\/12\/Photo5-GrenobleAlpes-Grenoble-Alpes-Metropole-Lucas-Frangella-300x102.jpg 300w, https:\/\/unicon20.fr\/wp-content\/uploads\/2019\/12\/Photo5-GrenobleAlpes-Grenoble-Alpes-Metropole-Lucas-Frangella-768x261.jpg 768w, https:\/\/unicon20.fr\/wp-content\/uploads\/2019\/12\/Photo5-GrenobleAlpes-Grenoble-Alpes-Metropole-Lucas-Frangella-1536x521.jpg 1536w, https:\/\/unicon20.fr\/wp-content\/uploads\/2019\/12\/Photo5-GrenobleAlpes-Grenoble-Alpes-Metropole-Lucas-Frangella-2048x695.jpg 2048w\" sizes=\"auto, (max-width: 1024px) 100vw, 1024px\" \/><figcaption>  \u00a9Grenoble-Alpes M\u00e9tropole, Lucas Frangella <\/figcaption><\/figure>","protected":false},"excerpt":{"rendered":"<p>Sightseeing If you want to do some sightseeing while in Grenoble, you&#8217;ll find all the information you need at the tourist information centre. There are several museums you can visit. The Bastille The main attraction in Grenoble are the surrounding mountains! The Bastille is one of the easiest to access, [&hellip;]<\/p>","protected":false},"author":1,"featured_media":0,"parent":51,"menu_order":0,"comment_status":"closed","ping_status":"closed","template":"","meta":{"footnotes":""},"class_list":["post-54","page","type-page","status-publish","hentry"],"featured_image_urls_v2":{"full":"","thumbnail":"","medium":"","medium_large":"","large":"","1536x1536":"","2048x2048":"","trp-custom-language-flag":"","hestia-blog":""},"post_excerpt_stackable_v2":"<p>Sightseeing If you want to do some sightseeing while in Grenoble, you&#8217;ll find all the information you need at the tourist information centre. There are several museums you can visit. The Bastille The main attraction in Grenoble are the surrounding mountains! The Bastille is one of the easiest to access, you can walk right up from the city centre, or take the cable car. The cable car won&#8217;t allow you to take your unicycle with you, but you can ride your unicycle on most of the paths. You can download a map of the different paths here and you can\u2026<\/p>\n","category_list_v2":"","author_info_v2":{"name":"Maxence","url":"https:\/\/unicon20.fr\/fr\/author\/abrikot\/"},"comments_num_v2":"0 commentaire","_links":{"self":[{"href":"https:\/\/unicon20.fr\/fr\/wp-json\/wp\/v2\/pages\/54","targetHints":{"allow":["GET"]}}],"collection":[{"href":"https:\/\/unicon20.fr\/fr\/wp-json\/wp\/v2\/pages"}],"about":[{"href":"https:\/\/unicon20.fr\/fr\/wp-json\/wp\/v2\/types\/page"}],"author":[{"embeddable":true,"href":"https:\/\/unicon20.fr\/fr\/wp-json\/wp\/v2\/users\/1"}],"replies":[{"embeddable":true,"href":"https:\/\/unicon20.fr\/fr\/wp-json\/wp\/v2\/comments?post=54"}],"version-history":[{"count":13,"href":"https:\/\/unicon20.fr\/fr\/wp-json\/wp\/v2\/pages\/54\/revisions"}],"predecessor-version":[{"id":2060,"href":"https:\/\/unicon20.fr\/fr\/wp-json\/wp\/v2\/pages\/54\/revisions\/2060"}],"up":[{"embeddable":true,"href":"https:\/\/unicon20.fr\/fr\/wp-json\/wp\/v2\/pages\/51"}],"wp:attachment":[{"href":"https:\/\/unicon20.fr\/fr\/wp-json\/wp\/v2\/media?parent=54"}],"curies":[{"name":"wp","href":"https:\/\/api.w.org\/{rel}","templated":true}]}}