{"id":56,"date":"2019-02-24T14:26:01","date_gmt":"2019-02-24T13:26:01","guid":{"rendered":"https:\/\/www.unicon20.fr\/?page_id=56"},"modified":"2019-12-03T18:04:21","modified_gmt":"2019-12-03T17:04:21","slug":"around-grenoble","status":"publish","type":"page","link":"https:\/\/unicon20.fr\/fr\/tourism\/around-grenoble\/","title":{"rendered":"\u00c0 voir autour de Grenoble"},"content":{"rendered":"<p>Vous pr\u00e9voyez de rester un peu dans la r\u00e9gion avant ou apr\u00e8s l'Unicon, ou juste de passer une journ\u00e9e \u00e0 explorer les environs ? Voici quelques suggestions !<\/p>\n\n\n\n<h4 class=\"wp-block-heading\">Nature et Montagnes<\/h4>\n\n\n\n<p>Grenoble est entour\u00e9e de trois massifs : <a href=\"https:\/\/chartreuse-tourisme.com\/\">la Chartreuse<\/a>, <a href=\"https:\/\/www.isere-tourism.com\/belledonne\">Belledonne<\/a> et <a href=\"http:\/\/vercors.fr\/\">le Vercors<\/a>. Ils regorgent de villages et de stations, ainsi que de chemins de VTT et de randonn\u00e9e. Si vous \u00eates plus aventureux, vous pouvez aussi y pratiquer l'escalade, le parapente ou l'alpinisme. <br><br>Si vous \u00eates pr\u00eats \u00e0 faire un peu de route, <a href=\"https:\/\/www.chamonix.com\/\">Chamonix et le Mont-Blanc<\/a> ne sont qu'\u00e0 deux heures de route, et ne repr\u00e9sentent qu'un petit d\u00e9tour si vous arrivez de l'a\u00e9roport de Gen\u00e8ve. <\/p>\n\n\n\n<h4 class=\"wp-block-heading\">Villes<\/h4>\n\n\n\n<p>Il est tr\u00e8s facile de pr\u00e9voir une excursion \u00e0 <a href=\"https:\/\/en.lyon-france.com\/\">Lyon<\/a> ou <a href=\"https:\/\/en.lac-annecy.com\/\">Annecy<\/a>Il y a des services r\u00e9guliers de car et de train, et il est \u00e9galement tr\u00e8s facile de les rallier en voiture.<br>Lyon est la deuxi\u00e8me ville de France, et vous y trouverez de nombreux mus\u00e9es et parcs. C'est aussi la ville d'origine du Woom, l'\u00e9quipe de monobasket cinq fois championne du monde !<br>Annecy est connue pour son lac et ses paysages, et est parfois appel\u00e9e la \"Venise des Alpes\" \u00e0 cause de ses canaux.<\/p>","protected":false},"excerpt":{"rendered":"<p>You are planning to stay a bit longer before or after Unicon, or want to have a day-trip to some exciting places? Here&#8217;s some suggestions from us! Nature and Mountains Grenoble is surrounded by 3 mountains massifs: Chartreuse, Belledonne and Vercors. There are lots of villages and resorts there, as [&hellip;]<\/p>","protected":false},"author":1,"featured_media":0,"parent":51,"menu_order":0,"comment_status":"closed","ping_status":"closed","template":"","meta":{"footnotes":""},"class_list":["post-56","page","type-page","status-publish","hentry"],"featured_image_urls_v2":{"full":"","thumbnail":"","medium":"","medium_large":"","large":"","1536x1536":"","2048x2048":"","trp-custom-language-flag":"","hestia-blog":""},"post_excerpt_stackable_v2":"<p>You are planning to stay a bit longer before or after Unicon, or want to have a day-trip to some exciting places? Here&#8217;s some suggestions from us! Nature and Mountains Grenoble is surrounded by 3 mountains massifs: Chartreuse, Belledonne and Vercors. There are lots of villages and resorts there, as well as plenty of biking and hiking trains. If you&#8217;re even more adventurous, they are also great locations for climbing, paragliding or mountaineering. If you&#8217;re willing to go a bit further, Chamonix and the Mont-Blanc are only a 2-hour drive away, and not that big of a detour if you&#8217;re\u2026<\/p>\n","category_list_v2":"","author_info_v2":{"name":"Maxence","url":"https:\/\/unicon20.fr\/fr\/author\/abrikot\/"},"comments_num_v2":"0 commentaire","_links":{"self":[{"href":"https:\/\/unicon20.fr\/fr\/wp-json\/wp\/v2\/pages\/56","targetHints":{"allow":["GET"]}}],"collection":[{"href":"https:\/\/unicon20.fr\/fr\/wp-json\/wp\/v2\/pages"}],"about":[{"href":"https:\/\/unicon20.fr\/fr\/wp-json\/wp\/v2\/types\/page"}],"author":[{"embeddable":true,"href":"https:\/\/unicon20.fr\/fr\/wp-json\/wp\/v2\/users\/1"}],"replies":[{"embeddable":true,"href":"https:\/\/unicon20.fr\/fr\/wp-json\/wp\/v2\/comments?post=56"}],"version-history":[{"count":4,"href":"https:\/\/unicon20.fr\/fr\/wp-json\/wp\/v2\/pages\/56\/revisions"}],"predecessor-version":[{"id":2059,"href":"https:\/\/unicon20.fr\/fr\/wp-json\/wp\/v2\/pages\/56\/revisions\/2059"}],"up":[{"embeddable":true,"href":"https:\/\/unicon20.fr\/fr\/wp-json\/wp\/v2\/pages\/51"}],"wp:attachment":[{"href":"https:\/\/unicon20.fr\/fr\/wp-json\/wp\/v2\/media?parent=56"}],"curies":[{"name":"wp","href":"https:\/\/api.w.org\/{rel}","templated":true}]}}