{"id":58,"date":"2019-02-24T14:26:12","date_gmt":"2019-02-24T13:26:12","guid":{"rendered":"https:\/\/www.unicon20.fr\/?page_id=58"},"modified":"2019-12-03T18:22:17","modified_gmt":"2019-12-03T17:22:17","slug":"unicycling","status":"publish","type":"page","link":"https:\/\/unicon20.fr\/fr\/tourism\/unicycling\/","title":{"rendered":"\u00c0 faire en monocycle"},"content":{"rendered":"<h4 class=\"wp-block-heading\">Sur route<\/h4>\n\n\n\n<p>Grenoble offre de nombreuses voies r\u00e9serv\u00e9es aux pi\u00e9tons et aux v\u00e9hicules non motoris\u00e9s. Vous pouvez longer les berges de l'Is\u00e8re et du Drac sur des km et des km. Vous pourrez, en prime, admirer au passage de beaux paysages. Vous trouverez des informations sur <a href=\"https:\/\/www.metromobilite.fr\/velo.html\">ce site<\/a>.<\/p>\n\n\n\n<p>Si vous voulez plus de d\u00e9fi ou de d\u00e9nivel\u00e9, certains cols et mont\u00e9es mythiques du Tour de France (comme les 21 virages de la mont\u00e9e de l'Alpe d'Huez) sont tout proches ! Certains d'entre eux sont m\u00eame ferm\u00e9s \u00e0 la circulation automobile un jour de l'\u00e9t\u00e9. Vous pouvez trouver plus d'information \u00e0 ce sujet sur le site de <a href=\"https:\/\/oisans-col-series.com\/en\/\">l'Oisans col series<\/a>.<\/p>\n\n\n\n<p>Vous pouvez aussi regarder <a rel=\"noreferrer noopener\" aria-label=\"this website (opens in a new tab)\" href=\"https:\/\/www.grenoble-tourisme.com\/fr\/faire\/a-velo\/cyclotourisme\" target=\"_blank\">ce site https:\/\/www.grenoble-tourisme.com\/fr\/faire\/a-velo\/cyclotourisme\/<\/a>Il propose quelques itin\u00e9raires. Bien que ces pages ne soient disponibles qu'en fran\u00e7ais, vous pourrez t\u00e9l\u00e9charger les fichiers GPX ou KML, \u00e0 utiliser avec un GPS.<\/p>\n\n\n\n<h4 class=\"wp-block-heading\">Monocycle tout-terrain<\/h4>\n\n\n\n<p>Grenoble est connue pour les montagnes qui l'entourent.  Certaines regorgent de remont\u00e9es m\u00e9caniques qui fonctionnent m\u00eame l'\u00e9t\u00e9, pour permettre d'y emporter des v\u00e9los... ou des monocycles ! Dans ces stations d'\u00e9t\u00e9, on trouve g\u00e9n\u00e9ralement des sentiers de descente pour VTT. Allez donc les explorer !<br>Vous pouvez par exemple aller \u00e0 <a href=\"https:\/\/www.espace-villard-correncon.fr\/accueil.htm\">Villard-de-Lans<\/a>, <a href=\"http:\/\/www.les7laux.com\/fr\/index.aspx\">aux 7 Laux<\/a> ou <a href=\"https:\/\/www.chamrousse.com\/\">\u00e0 Chamrousse<\/a>. Il y en a bien s\u00fbr beaucoup d'autres ; demandez-donc \u00e0 votre moteur de recherche pr\u00e9f\u00e9r\u00e9 !<br><\/p>\n\n\n\n<h4 class=\"wp-block-heading\">Monocycle urbain<\/h4>\n\n\n\n<p>Grenoble est une grande ville, donc les spots de monocycle urbain sont nombreux. Vous n'aurez aucun probl\u00e8me \u00e0 trouver un lieu o\u00f9 faire du monocycle ! Vous pouvez aller jeter un coup d'\u0153il au campus, qui offre beaucoup d'espace. Il y a \u00e9galement des skateparks. Un nouveau \u00e0 c\u00f4t\u00e9 de la<a href=\"https:\/\/www.google.com\/maps\/place\/La+caserne+de+Bonne\/@45.1839073,5.7214054,17z\/data=!3m1!4b1!4m5!3m4!1s0x478af4919bfcbfe5:0x9d11aaa2b6b7ce51!8m2!3d45.1839073!4d5.7235941\">Caserne de Bonne<\/a>. Et un autre, en int\u00e9rieur, \u00e0<a href=\"https:\/\/goo.gl\/maps\/gJNe3wUGsW2oQfpM8\">La Bifurk<\/a>. Celui ci est tr\u00e8s pratique quand il pleut ! \ud83d\ude09<\/p>","protected":false},"excerpt":{"rendered":"<p>On road Grenoble offers some great roads reserved for pedestrian and non-motorized vehicles. Have a look at the Is\u00e8re and the Drac banks. They present many, many kilometres of cycle paths. Besides, you will be able to observe beautiful landscapes during your ride. You can find some information on this [&hellip;]<\/p>","protected":false},"author":1,"featured_media":0,"parent":51,"menu_order":0,"comment_status":"closed","ping_status":"closed","template":"","meta":{"footnotes":""},"class_list":["post-58","page","type-page","status-publish","hentry"],"featured_image_urls_v2":{"full":"","thumbnail":"","medium":"","medium_large":"","large":"","1536x1536":"","2048x2048":"","trp-custom-language-flag":"","hestia-blog":""},"post_excerpt_stackable_v2":"<p>On road Grenoble offers some great roads reserved for pedestrian and non-motorized vehicles. Have a look at the Is\u00e8re and the Drac banks. They present many, many kilometres of cycle paths. Besides, you will be able to observe beautiful landscapes during your ride. You can find some information on this website. If you want a bigger challenge, some of the passes and climbs of the Tour de France (for instance the iconic 21 switchback climb up to l&#8217;Alpe d&#8217;Huez) are really close as well. Some of them are even closed to all motor vehicles one day in the summer. More\u2026<\/p>\n","category_list_v2":"","author_info_v2":{"name":"Maxence","url":"https:\/\/unicon20.fr\/fr\/author\/abrikot\/"},"comments_num_v2":"0 commentaire","_links":{"self":[{"href":"https:\/\/unicon20.fr\/fr\/wp-json\/wp\/v2\/pages\/58","targetHints":{"allow":["GET"]}}],"collection":[{"href":"https:\/\/unicon20.fr\/fr\/wp-json\/wp\/v2\/pages"}],"about":[{"href":"https:\/\/unicon20.fr\/fr\/wp-json\/wp\/v2\/types\/page"}],"author":[{"embeddable":true,"href":"https:\/\/unicon20.fr\/fr\/wp-json\/wp\/v2\/users\/1"}],"replies":[{"embeddable":true,"href":"https:\/\/unicon20.fr\/fr\/wp-json\/wp\/v2\/comments?post=58"}],"version-history":[{"count":18,"href":"https:\/\/unicon20.fr\/fr\/wp-json\/wp\/v2\/pages\/58\/revisions"}],"predecessor-version":[{"id":2061,"href":"https:\/\/unicon20.fr\/fr\/wp-json\/wp\/v2\/pages\/58\/revisions\/2061"}],"up":[{"embeddable":true,"href":"https:\/\/unicon20.fr\/fr\/wp-json\/wp\/v2\/pages\/51"}],"wp:attachment":[{"href":"https:\/\/unicon20.fr\/fr\/wp-json\/wp\/v2\/media?parent=58"}],"curies":[{"name":"wp","href":"https:\/\/api.w.org\/{rel}","templated":true}]}}