{"id":63,"date":"2019-02-24T14:26:31","date_gmt":"2019-02-24T13:26:31","guid":{"rendered":"https:\/\/www.unicon20.fr\/?page_id=63"},"modified":"2022-07-07T22:38:39","modified_gmt":"2022-07-07T20:38:39","slug":"volunteers","status":"publish","type":"page","link":"https:\/\/unicon20.fr\/fr\/volunteers\/","title":{"rendered":"B\u00e9n\u00e9voles"},"content":{"rendered":"<p class=\"has-text-align-center\"><strong>Merci de votre int\u00e9r\u00eat pour le b\u00e9n\u00e9volat !<\/strong><\/p>\n\n\n\n<p>L'UNICON repose sur des b\u00e9n\u00e9voles, alors votre aide est toujours bienvenue ! Nous encourageons chaque participant \u00e0 \u00eatre b\u00e9n\u00e9vole au moins une fois pendant l'\u00e9v\u00e9nement. N'ayez pas peur de ne pas \u00eatre comp\u00e9tent : il y a du travail pour tout le monde.<br> Nous r\u00e9fl\u00e9chissons actuellement \u00e0 un syst\u00e8me de r\u00e9compenses pour les b\u00e9n\u00e9voles, nous vous tiendrons au courant lorsqu'il sera mis en place.<\/p>\n\n\n\n<div class=\"wp-block-stackable-button-group stk-block-button-group stk-block stk-67d9cec\" data-block-id=\"67d9cec\"><div class=\"stk-row stk-inner-blocks has-text-align-center stk-block-content stk-button-group\">\n<div class=\"wp-block-stackable-button stk-block-button has-text-align-center stk-block stk-c157699\" data-block-id=\"c157699\"><style>.stk-c157699 .stk-button{min-height:0px !important;background:#012d67 !important}.stk-c157699 .stk-button{border-radius:4px !important}.stk-c157699 .stk-button:before{box-shadow:0 0 0 2px rgba(120,120,120,0.1) !important}.stk-c157699 .stk-button .stk--inner-svg svg:last-child,.stk-c157699 .stk-button .stk--inner-svg svg:last-child :is(g,path,rect,polygon,ellipse){fill:#012d67 !important}<\/style><a class=\"stk-link stk-button stk--hover-effect-darken\" href=\"https:\/\/www.signupgenius.com\/go\/8050b4aa8aa29aaf58-unicon8\"><span class=\"stk-button__inner-text\">Inscris-toi d\u00e8s maintenant !<\/span><\/a><\/div>\n\n\n\n<div class=\"wp-block-stackable-button stk-block-button has-text-align-center stk-block stk-3d04291\" data-block-id=\"3d04291\"><style>.stk-3d04291 .stk-button{min-height:0px !important;background:#012d67 !important}.stk-3d04291 .stk-button{border-radius:4px !important}.stk-3d04291 .stk-button:before{box-shadow:0 0 0 2px rgba(120,120,120,0.1) !important}.stk-3d04291 .stk-button .stk--inner-svg svg:last-child,.stk-3d04291 .stk-button .stk--inner-svg svg:last-child :is(g,path,rect,polygon,ellipse){fill:#012d67 !important}<\/style><a class=\"stk-link stk-button stk--hover-effect-darken\" href=\"https:\/\/unicon20.fr\/wp-content\/uploads\/2022\/06\/volunteer-handbookV2.pdf\"><span class=\"stk-button__inner-text\">Guide du b\u00e9n\u00e9vole<\/span><\/a><\/div>\n<\/div><\/div>\n\n\n\n<p><\/p>\n\n\n\n<p><strong>Pourquoi \u00eatre b\u00e9n\u00e9vole ?<\/strong>?<\/p>\n\n\n\n<p>\u00catre b\u00e9n\u00e9vole permet de faire en sorte que tout se d\u00e9roule sans anicroche, et que tout le monde s'amuse \u00e0 l'Unicon ! <\/p>\n\n\n\n<p>L'Unicon ne fonctionnerait pas sans ses b\u00e9n\u00e9voles. Nous comptons sur vous pour de nombreuses t\u00e2ches comme accueillir les participants, juger les comp\u00e9titions, aider \u00e0 l'installation etc.<br> N'h\u00e9sitez pas \u00e0 nous contacter si vous avez une id\u00e9e pr\u00e9cise de ce pour quoi vous voudriez nous aider ! <\/p>\n\n\n\n<p>\u00catre b\u00e9n\u00e9vole est aussi un tr\u00e8s bon moyen de faire des rencontres, et de s'engager davantage dans la communaut\u00e9 !<\/p>\n\n\n\n<p><strong>Comment devenir b\u00e9n\u00e9vole ?<\/strong><\/p>\n\n\n\n<p>Vous pouvez vous inscrire via <a href=\"https:\/\/www.signupgenius.com\/go\/8050b4aa8aa29aaf58-unicon8\" data-type=\"URL\" data-id=\"https:\/\/www.signupgenius.com\/go\/8050b4aa8aa29aaf58-unicon8\" target=\"_blank\" rel=\"noreferrer noopener\"><strong>ce lien<\/strong><\/a>. Si cela vous demande trop de planification, vous pourrez encore vous inscrire \u00e0 certains postes de b\u00e9n\u00e9voles lors de l'accueil, ou n'importe quand au point information. <br>Jetez aussi un \u0153il \u00e0 notre <a rel=\"noreferrer noopener\" href=\"https:\/\/unicon20.fr\/wp-content\/uploads\/2022\/06\/volunteer-handbookV2.pdf\" data-type=\"URL\" data-id=\"https:\/\/unicon20.fr\/wp-content\/uploads\/2022\/06\/volunteer-handbookV2.pdf\" target=\"_blank\"><strong>Guide du b\u00e9n\u00e9vole<\/strong><\/a>.<\/p>\n\n\n\n<p><\/p>","protected":false},"excerpt":{"rendered":"<p>Thank you for your interest in volunteering! Unicon relies on volunteers, so your help is always welcome! We encourage everyone to volunteer at least once during the event. Don\u2019t worry about not being qualified, there are jobs for everyone. We are currently working on a rewards system for our volunteers, [&hellip;]<\/p>","protected":false},"author":1,"featured_media":0,"parent":0,"menu_order":0,"comment_status":"closed","ping_status":"closed","template":"","meta":{"footnotes":""},"class_list":["post-63","page","type-page","status-publish","hentry"],"featured_image_urls_v2":{"full":"","thumbnail":"","medium":"","medium_large":"","large":"","1536x1536":"","2048x2048":"","trp-custom-language-flag":"","hestia-blog":""},"post_excerpt_stackable_v2":"<p>Thank you for your interest in volunteering! Unicon relies on volunteers, so your help is always welcome! We encourage everyone to volunteer at least once during the event. Don\u2019t worry about not being qualified, there are jobs for everyone. We are currently working on a rewards system for our volunteers, we\u2019ll keep you updated on it once it\u2019s done. Sign up as a volunteer now! Volunteer Handbook Why volunteer? Volunteering is a great way to ensure everything runs smoothly, and everyone enjoys Unicon! Unicon simply wouldn\u2019t work without its volunteers. We rely on you for a lot of tasks, such\u2026<\/p>\n","category_list_v2":"","author_info_v2":{"name":"Maxence","url":"https:\/\/unicon20.fr\/fr\/author\/abrikot\/"},"comments_num_v2":"0 commentaire","_links":{"self":[{"href":"https:\/\/unicon20.fr\/fr\/wp-json\/wp\/v2\/pages\/63","targetHints":{"allow":["GET"]}}],"collection":[{"href":"https:\/\/unicon20.fr\/fr\/wp-json\/wp\/v2\/pages"}],"about":[{"href":"https:\/\/unicon20.fr\/fr\/wp-json\/wp\/v2\/types\/page"}],"author":[{"embeddable":true,"href":"https:\/\/unicon20.fr\/fr\/wp-json\/wp\/v2\/users\/1"}],"replies":[{"embeddable":true,"href":"https:\/\/unicon20.fr\/fr\/wp-json\/wp\/v2\/comments?post=63"}],"version-history":[{"count":17,"href":"https:\/\/unicon20.fr\/fr\/wp-json\/wp\/v2\/pages\/63\/revisions"}],"predecessor-version":[{"id":3181,"href":"https:\/\/unicon20.fr\/fr\/wp-json\/wp\/v2\/pages\/63\/revisions\/3181"}],"wp:attachment":[{"href":"https:\/\/unicon20.fr\/fr\/wp-json\/wp\/v2\/media?parent=63"}],"curies":[{"name":"wp","href":"https:\/\/api.w.org\/{rel}","templated":true}]}}