{"id":851,"date":"2019-04-25T12:35:41","date_gmt":"2019-04-25T10:35:41","guid":{"rendered":"https:\/\/www.unicon20.fr\/?page_id=851"},"modified":"2022-04-28T15:10:18","modified_gmt":"2022-04-28T13:10:18","slug":"union-nationale-sportive-leo-lagrange","status":"publish","type":"page","link":"https:\/\/unicon20.fr\/fr\/our-team\/union-nationale-sportive-leo-lagrange\/","title":{"rendered":"Union Nationale Sportive L\u00e9o Lagrange"},"content":{"rendered":"<p>L'Union Nationale Sportive L\u00e9o Lagrange est la f\u00e9d\u00e9ration multisport dont fait partie la f\u00e9d\u00e9ration fran\u00e7aise de monocycle. Elle a \u00e9t\u00e9 fond\u00e9e en 1984, et ses objectifs sont de faire du sport un outil \u00e9ducatif, et d'en rendre la pratique accessible \u00e0 tous. Ce qui signifie : du sport en prison, du sport pour les migrants, et, plus g\u00e9n\u00e9ralement, du sport pour chacun, quels que soient son origine, sa condition, sa religion, son \u00e2ge ...<\/p>\n\n\n\n<div class=\"wp-block-image\"><figure class=\"aligncenter is-resized\"><img loading=\"lazy\" decoding=\"async\" src=\"https:\/\/unicon20.fr\/wp-content\/uploads\/2019\/03\/unsll-1024x637.png\" alt=\"\" class=\"wp-image-370\" width=\"461\" height=\"287\" srcset=\"\" sizes=\"auto, (max-width: 461px) 100vw, 461px\" data-srcset=\"\" \/><\/figure><\/div>\n\n\n\n<p>Son soutien est une partie tr\u00e8s importante de notre organisation, en particulier trois personnes remarquables.<\/p>\n\n\n\n<p><strong>Myriam Chomaz<\/strong> est une experte technique en sport, employ\u00e9e par le minist\u00e8re fran\u00e7ais des sports pour aider \u00e0 d\u00e9velopper les missions de l'UNSLL. Parmi ces missions figure le soutien au d\u00e9veloppement du monocyclisme. Elle participe \u00e0 la coordination de l'\u00e9v\u00e9nement, et utilise ses nombreux contacts \u00e0 Grenoble et dans sa r\u00e9gion. Elle est \u00e9galement <a rel=\"noreferrer noopener\" aria-label=\" (opens in a new tab)\" href=\"https:\/\/fr.wikipedia.org\/wiki\/Myriam_Chomaz\" target=\"_blank\">ancienne boxeuse professionnelle<\/a> !<\/p>\n\n\n\n<figure class=\"wp-block-image size-full is-resized\"><img loading=\"lazy\" decoding=\"async\" src=\"https:\/\/unicon20.fr\/wp-content\/uploads\/2022\/04\/jeremy_mouchel-1.jpg\" alt=\"\" class=\"wp-image-2806\" width=\"276\" height=\"276\" srcset=\"https:\/\/unicon20.fr\/wp-content\/uploads\/2022\/04\/jeremy_mouchel-1.jpg 719w, https:\/\/unicon20.fr\/wp-content\/uploads\/2022\/04\/jeremy_mouchel-1-300x300.jpg 300w, https:\/\/unicon20.fr\/wp-content\/uploads\/2022\/04\/jeremy_mouchel-1-150x150.jpg 150w\" sizes=\"auto, (max-width: 276px) 100vw, 276px\" \/><figcaption><strong>J\u00e9r\u00e9my Mouchel<\/strong> est le responsable technique f\u00e9d\u00e9ral de l'Union R\u00e9gionale Sportive L\u00e9o Lagrange. Ancien cycliste professionnel, J\u00e9r\u00e9my suit l'organisation du championnat du monde \u00e0 plusieurs niveaux. Il ouvrira fi\u00e8rement le marathon et le 10km !<\/figcaption><\/figure>\n\n\n\n<figure class=\"wp-block-image size-large is-resized\"><img loading=\"lazy\" decoding=\"async\" src=\"https:\/\/unicon20.fr\/wp-content\/uploads\/2022\/04\/ndoreau-7-1024x1024.jpg\" alt=\"\" class=\"wp-image-2808\" width=\"279\" height=\"279\" srcset=\"https:\/\/unicon20.fr\/wp-content\/uploads\/2022\/04\/ndoreau-7-1024x1024.jpg 1024w, https:\/\/unicon20.fr\/wp-content\/uploads\/2022\/04\/ndoreau-7-300x300.jpg 300w, https:\/\/unicon20.fr\/wp-content\/uploads\/2022\/04\/ndoreau-7-150x150.jpg 150w, https:\/\/unicon20.fr\/wp-content\/uploads\/2022\/04\/ndoreau-7-768x768.jpg 768w, https:\/\/unicon20.fr\/wp-content\/uploads\/2022\/04\/ndoreau-7.jpg 1365w\" sizes=\"auto, (max-width: 279px) 100vw, 279px\" \/><figcaption><strong>Nathana\u00eblle Doreau<\/strong> est la chef de projet de l'UNSLL d\u00e9di\u00e9 \u00e0 l'Unicon 20. Monocycliste depuis pr\u00e8s de 10 ans, elle apporte un soutien local au comit\u00e9 d'organisation.<\/figcaption><\/figure>\n\n\n\n<figure class=\"wp-block-image size-full is-resized\"><img loading=\"lazy\" decoding=\"async\" src=\"https:\/\/unicon20.fr\/wp-content\/uploads\/2022\/04\/jonathan_rouquairol-2.webp\" alt=\"\" class=\"wp-image-2809\" width=\"275\" height=\"327\"\/><figcaption><strong><strong>Jonathan Rouquairol<\/strong> <\/strong>est notre responsable des courses sur route et du cross country. Avec une grande exp\u00e9rience dans l'organisation d'\u00e9v\u00e9nements et de trails, Jonathan nous apporte sa connaissance du terrain, de la logistique et de l'administration.<\/figcaption><\/figure>\n\n\n\n<div class=\"wp-block-columns is-layout-flex wp-container-core-columns-is-layout-9d6595d7 wp-block-columns-is-layout-flex\">\n<div class=\"wp-block-column is-layout-flow wp-block-column-is-layout-flow\" style=\"flex-basis:50%\"><\/div>\n<\/div>\n\n\n\n<p><\/p>\n\n\n\n<div class=\"wp-block-group\"><div class=\"wp-block-group__inner-container is-layout-flow wp-block-group-is-layout-flow\"><\/div><\/div>\n\n\n\n<div class=\"wp-block-group alignwide\"><div class=\"wp-block-group__inner-container is-layout-flow wp-block-group-is-layout-flow\"><\/div><\/div>","protected":false},"excerpt":{"rendered":"<p>The Union Nationale Sportive L\u00e9o Lagrange is the multisport federation behind the unicycling federation here in France. It was founded in early 1984, and its goals are to use sports as an educational tool and to provide access to sport practice to everyone. That means sports in prison, sports for [&hellip;]<\/p>","protected":false},"author":1,"featured_media":0,"parent":44,"menu_order":0,"comment_status":"closed","ping_status":"closed","template":"","meta":{"footnotes":""},"class_list":["post-851","page","type-page","status-publish","hentry"],"featured_image_urls_v2":{"full":"","thumbnail":"","medium":"","medium_large":"","large":"","1536x1536":"","2048x2048":"","trp-custom-language-flag":"","hestia-blog":""},"post_excerpt_stackable_v2":"<p>The Union Nationale Sportive L\u00e9o Lagrange is the multisport federation behind the unicycling federation here in France. It was founded in early 1984, and its goals are to use sports as an educational tool and to provide access to sport practice to everyone. That means sports in prison, sports for migrants, and more generally, sports for everyone whatever your origin, condition, religion, age\u2026 Its support is a very important part of our organization, especially three notable people. Myriam Chomaz is a technical sports expert, employed by the French ministry of sport to help develop UNSLL\u2019s missions. Among these missions is\u2026<\/p>\n","category_list_v2":"","author_info_v2":{"name":"Maxence","url":"https:\/\/unicon20.fr\/fr\/author\/abrikot\/"},"comments_num_v2":"0 commentaire","_links":{"self":[{"href":"https:\/\/unicon20.fr\/fr\/wp-json\/wp\/v2\/pages\/851","targetHints":{"allow":["GET"]}}],"collection":[{"href":"https:\/\/unicon20.fr\/fr\/wp-json\/wp\/v2\/pages"}],"about":[{"href":"https:\/\/unicon20.fr\/fr\/wp-json\/wp\/v2\/types\/page"}],"author":[{"embeddable":true,"href":"https:\/\/unicon20.fr\/fr\/wp-json\/wp\/v2\/users\/1"}],"replies":[{"embeddable":true,"href":"https:\/\/unicon20.fr\/fr\/wp-json\/wp\/v2\/comments?post=851"}],"version-history":[{"count":18,"href":"https:\/\/unicon20.fr\/fr\/wp-json\/wp\/v2\/pages\/851\/revisions"}],"predecessor-version":[{"id":2811,"href":"https:\/\/unicon20.fr\/fr\/wp-json\/wp\/v2\/pages\/851\/revisions\/2811"}],"up":[{"embeddable":true,"href":"https:\/\/unicon20.fr\/fr\/wp-json\/wp\/v2\/pages\/44"}],"wp:attachment":[{"href":"https:\/\/unicon20.fr\/fr\/wp-json\/wp\/v2\/media?parent=851"}],"curies":[{"name":"wp","href":"https:\/\/api.w.org\/{rel}","templated":true}]}}