{"id":2239,"date":"2020-03-06T15:29:58","date_gmt":"2020-03-06T14:29:58","guid":{"rendered":"https:\/\/www.unicon20.fr\/?page_id=2239"},"modified":"2020-03-06T22:59:19","modified_gmt":"2020-03-06T21:59:19","slug":"university-dorm-rooms","status":"publish","type":"page","link":"https:\/\/unicon20.fr\/it\/university-dorm-rooms\/","title":{"rendered":"University dorm rooms"},"content":{"rendered":"<p>We are offering University dorm rooms, which can you book using <a href=\"http:\/\/unicon2020.reg.unicycling-software.com\/\">the registration software<\/a>.<\/p>\n\n\n\n<p><strong>Room description<\/strong><br>Room with a single bed, 12 square meters, toilet and shower. One chair, a desk, a closet, free wifi.<br>There is also one kitchen per floor, a laundry room, some fun rooms (music, work out, TV, meeting, reading).<br><strong>NOTE<\/strong>: this is not a hotel, there will not be any room service or room cleaning during your stay.<br><a href=\"http:\/\/appli.crous-grenoble.fr\/fichiers\/360\/ouest\/tour.html\">Have a look for yourself with this 360\u00b0 virtual visit<\/a>.<\/p>\n\n\n\n<p><strong>Location<\/strong><br>107 Rue des Taill\u00e9es, 38400 Saint-Martin-d&#8217;H\u00e8res<br><br>Close to lines B and D of Grenoble&#8217;s Tram stop &#8220;Les Taill\u00e9s&#8221;, C line&#8217;s stop &#8220;Berlioz&#8221;. <br><strong>To get to the Unicon Village<\/strong><br>Ride: 10 minutes<br>Tram: 10 minutes + 2 minutes ride<br>Walk: 22 minutes<\/p>\n\n\n\n<p><strong>Price and Conditions<\/strong><br>Price : <strong>198 euros<\/strong> for the whole stay (15 nights, 13.2 euros\/night)<br>The room can be rented only from the 19th of july to the 3rd of august. No more, no less. However, if you plan to arrive later or leave earlier, it is possible. But there will be no price adjustment.<br><strong>Bookings will be closed the 31st of may.<\/strong><br><br>Available only to people <strong>over 16 years old<\/strong> the 19th of july 2020.<br>100 rooms are available.<\/p>","protected":false},"excerpt":{"rendered":"<p>We are offering University dorm rooms, which can you book using the registration software. Room descriptionRoom with a single bed, 12 square meters, toilet and shower. One chair, a desk, a closet, free wifi.There is also one kitchen per floor, a laundry room, some fun rooms (music, work out, TV, [&hellip;]<\/p>","protected":false},"author":2,"featured_media":0,"parent":0,"menu_order":0,"comment_status":"closed","ping_status":"closed","template":"","meta":{"footnotes":""},"class_list":["post-2239","page","type-page","status-publish","hentry"],"featured_image_urls_v2":{"full":"","thumbnail":"","medium":"","medium_large":"","large":"","1536x1536":"","2048x2048":"","trp-custom-language-flag":"","hestia-blog":""},"post_excerpt_stackable_v2":"<p>We are offering University dorm rooms, which can you book using the registration software. Room descriptionRoom with a single bed, 12 square meters, toilet and shower. One chair, a desk, a closet, free wifi.There is also one kitchen per floor, a laundry room, some fun rooms (music, work out, TV, meeting, reading).NOTE: this is not a hotel, there will not be any room service or room cleaning during your stay.Have a look for yourself with this 360\u00b0 virtual visit. Location107 Rue des Taill\u00e9es, 38400 Saint-Martin-d&#8217;H\u00e8resClose to lines B and D of Grenoble&#8217;s Tram stop &#8220;Les Taill\u00e9s&#8221;, C line&#8217;s stop &#8220;Berlioz&#8221;.&hellip;<\/p>\n","category_list_v2":"","author_info_v2":{"name":"Fran\u00e7ois","url":"https:\/\/unicon20.fr\/it\/author\/gingo\/"},"comments_num_v2":"0 commenti","_links":{"self":[{"href":"https:\/\/unicon20.fr\/it\/wp-json\/wp\/v2\/pages\/2239","targetHints":{"allow":["GET"]}}],"collection":[{"href":"https:\/\/unicon20.fr\/it\/wp-json\/wp\/v2\/pages"}],"about":[{"href":"https:\/\/unicon20.fr\/it\/wp-json\/wp\/v2\/types\/page"}],"author":[{"embeddable":true,"href":"https:\/\/unicon20.fr\/it\/wp-json\/wp\/v2\/users\/2"}],"replies":[{"embeddable":true,"href":"https:\/\/unicon20.fr\/it\/wp-json\/wp\/v2\/comments?post=2239"}],"version-history":[{"count":6,"href":"https:\/\/unicon20.fr\/it\/wp-json\/wp\/v2\/pages\/2239\/revisions"}],"predecessor-version":[{"id":2249,"href":"https:\/\/unicon20.fr\/it\/wp-json\/wp\/v2\/pages\/2239\/revisions\/2249"}],"wp:attachment":[{"href":"https:\/\/unicon20.fr\/it\/wp-json\/wp\/v2\/media?parent=2239"}],"curies":[{"name":"wp","href":"https:\/\/api.w.org\/{rel}","templated":true}]}}