{"id":58,"date":"2019-02-24T14:26:12","date_gmt":"2019-02-24T13:26:12","guid":{"rendered":"https:\/\/www.unicon20.fr\/?page_id=58"},"modified":"2019-12-03T18:22:17","modified_gmt":"2019-12-03T17:22:17","slug":"unicycling","status":"publish","type":"page","link":"https:\/\/unicon20.fr\/it\/tourism\/unicycling\/","title":{"rendered":"Andare in monociclo"},"content":{"rendered":"<h4 class=\"wp-block-heading\">Su strada<\/h4>\n\n\n\n<p>Grenoble offers some great roads reserved for pedestrian and non-motorized vehicles. Have a look at the Is\u00e8re and the Drac banks. They present many, many kilometres of cycle paths. Besides, you will be able to observe beautiful landscapes during your ride. You can find some information <a href=\"https:\/\/www.metromobilite.fr\/velo.html\">su questa pagina.<\/a>.<\/p>\n\n\n\n<p>Per una sfida pi\u00f9 grande puoi percorrere alcuni dei passi e delle cime del Tour de France (p.es. i 21 tornanti che salgono fino all'Alpe d'Huez). Anche loro distano a poca distanza Alcuni di questi percorsi sono addirittura interdetti ai veicoli a motore  un giorno in estate. Potrai trovare maggiori informazioni al riguardo sulla pagina web di <a href=\"https:\/\/oisans-col-series.com\/en\/\">Oisans col series<\/a>.<\/p>\n\n\n\n<p>You can also check out <a rel=\"noreferrer noopener\" aria-label=\"this website (opens in a new tab)\" href=\"https:\/\/www.grenoble-tourisme.com\/fr\/faire\/a-velo\/cyclotourisme\/\" target=\"_blank\">this website<\/a>. It offers a few routes to follow. Although the pages exist only in French you should be able to download GPX or KML file to use with a GPS.<\/p>\n\n\n\n<h4 class=\"wp-block-heading\">Muni<\/h4>\n\n\n\n<p>Grenoble \u00e8 rinnomata per il suo comprensorio montuoso. Alcune cime sono raggiungibili tramite funivia e funzionano anche nel periodo estivo. Questo permette di salire con le biciclette ... o con il mono! Queste localit\u00e0 \"estive\" spesso creano percorsi per le biciclette e si occupano della loro manutenzione. Sei libero di andare in questi luoghi e fare un po' di downhill o uphill.<br>Per esempio puoi andare a <a href=\"https:\/\/www.espace-villard-correncon.fr\/accueil.htm\">Villard-de-Lans<\/a>, <a href=\"http:\/\/www.les7laux.com\/fr\/index.aspx\">aux 7 Laux<\/a> o <a href=\"https:\/\/www.chamrousse.com\/\">Chamrousse<\/a>Ce ne sono altrettanti da scoprire, consulta semplicemente il tuo motore di ricerca preferito!<br><\/p>\n\n\n\n<h4 class=\"wp-block-heading\">Urban<\/h4>\n\n\n\n<p>Grenoble \u00e8 una grande citt\u00e0, qui ci sono molti luoghi per il monociclo urbano. Non avrai problemi a trovare tante possibilit\u00e0 per andare in monociclo! Comunque dai un'occhiata al Campus universitario che ha grandi spazi a disposizione, qui ci sono alcuni skateparks. Uno recentissimo si trova vicino alla<a href=\"https:\/\/www.google.com\/maps\/place\/La+caserne+de+Bonne\/@45.1839073,5.7214054,17z\/data=!3m1!4b1!4m5!3m4!1s0x478af4919bfcbfe5:0x9d11aaa2b6b7ce51!8m2!3d45.1839073!4d5.7235941\">Caserne de Bonne.<\/a>Un altro si trova al coperto, sotto una tettoia a<a href=\"https:\/\/goo.gl\/maps\/gJNe3wUGsW2oQfpM8\">La Bifurk.<\/a>Quest'ultimo \u00e8 veramente interessante quando piove! \ud83d\ude09<\/p>","protected":false},"excerpt":{"rendered":"<p>On road Grenoble offers some great roads reserved for pedestrian and non-motorized vehicles. Have a look at the Is\u00e8re and the Drac banks. They present many, many kilometres of cycle paths. Besides, you will be able to observe beautiful landscapes during your ride. You can find some information on this [&hellip;]<\/p>","protected":false},"author":1,"featured_media":0,"parent":51,"menu_order":0,"comment_status":"closed","ping_status":"closed","template":"","meta":{"footnotes":""},"class_list":["post-58","page","type-page","status-publish","hentry"],"featured_image_urls_v2":{"full":"","thumbnail":"","medium":"","medium_large":"","large":"","1536x1536":"","2048x2048":"","trp-custom-language-flag":"","hestia-blog":""},"post_excerpt_stackable_v2":"<p>On road Grenoble offers some great roads reserved for pedestrian and non-motorized vehicles. Have a look at the Is\u00e8re and the Drac banks. They present many, many kilometres of cycle paths. Besides, you will be able to observe beautiful landscapes during your ride. You can find some information on this website. If you want a bigger challenge, some of the passes and climbs of the Tour de France (for instance the iconic 21 switchback climb up to l&#8217;Alpe d&#8217;Huez) are really close as well. Some of them are even closed to all motor vehicles one day in the summer. More&hellip;<\/p>\n","category_list_v2":"","author_info_v2":{"name":"Maxence","url":"https:\/\/unicon20.fr\/it\/author\/abrikot\/"},"comments_num_v2":"0 commenti","_links":{"self":[{"href":"https:\/\/unicon20.fr\/it\/wp-json\/wp\/v2\/pages\/58","targetHints":{"allow":["GET"]}}],"collection":[{"href":"https:\/\/unicon20.fr\/it\/wp-json\/wp\/v2\/pages"}],"about":[{"href":"https:\/\/unicon20.fr\/it\/wp-json\/wp\/v2\/types\/page"}],"author":[{"embeddable":true,"href":"https:\/\/unicon20.fr\/it\/wp-json\/wp\/v2\/users\/1"}],"replies":[{"embeddable":true,"href":"https:\/\/unicon20.fr\/it\/wp-json\/wp\/v2\/comments?post=58"}],"version-history":[{"count":18,"href":"https:\/\/unicon20.fr\/it\/wp-json\/wp\/v2\/pages\/58\/revisions"}],"predecessor-version":[{"id":2061,"href":"https:\/\/unicon20.fr\/it\/wp-json\/wp\/v2\/pages\/58\/revisions\/2061"}],"up":[{"embeddable":true,"href":"https:\/\/unicon20.fr\/it\/wp-json\/wp\/v2\/pages\/51"}],"wp:attachment":[{"href":"https:\/\/unicon20.fr\/it\/wp-json\/wp\/v2\/media?parent=58"}],"curies":[{"name":"wp","href":"https:\/\/api.w.org\/{rel}","templated":true}]}}